{"id":2564,"date":"2024-05-30T16:03:16","date_gmt":"2024-05-30T16:03:16","guid":{"rendered":"https:\/\/bright-capital.sg\/?page_id=2564"},"modified":"2024-06-05T21:26:52","modified_gmt":"2024-06-05T21:26:52","slug":"thanh-lap-cong-ty","status":"publish","type":"page","link":"https:\/\/bright-capital.sg\/vi\/dich-vu\/thanh-lap-cong-ty\/","title":{"rendered":"Th\u00e0nh l\u1eadp c\u00f4ng ty"},"content":{"rendered":"<section class=\"section hide-for-small\" id=\"section_2139169361\">\n\t\t<div class=\"bg section-bg fill bg-fill  bg-loaded\" >\n\n\t\t\t\n\t\t\t\n\t\t\t\n\n\t\t<\/div>\n\n\t\t\n\n\t\t<div class=\"section-content relative\">\n\t\t\t\n<div class=\"row\"  id=\"row-2084039365\">\n\n\t<div id=\"col-623227384\" class=\"col small-12 large-12\"  >\n\t\t\t\t<div class=\"col-inner\"  >\n\t\t\t\n\t\t\t\n<div class=\"row row-collapse row-full-width\"  id=\"row-2013103188\">\n\n\t<div id=\"col-1786628177\" class=\"col medium-8 large-9\"  >\n\t\t\t\t<div class=\"col-inner\"  >\n\t\t\t\n\t\t\t\n\t<div id=\"text-3334610436\" class=\"text\">\n\t\t\n<h4><span style=\"font-family: montserrat-bold; color: #585857;\">D\u1ecbch v\u1ee5<\/span><\/h4>\n\t\t\n<style>\n#text-3334610436 {\n  line-height: 0.75;\n}\n<\/style>\n\t<\/div>\n\t\n<div class=\"is-divider divider clearfix\" style=\"margin-top:0px;margin-bottom:0px;max-width:8%;background-color:rgb(255, 130, 0);\"><\/div>\n\t<div id=\"gap-1148124880\" class=\"gap-element clearfix\" style=\"display:block; height:auto;\">\n\t\t\n<style>\n#gap-1148124880 {\n  padding-top: 30px;\n}\n<\/style>\n\t<\/div>\n\t\n<h2 class=\"uppercase\"><span style=\"font-family: montserrat-bold; color: #585857;\">TH\u00c0NH L\u1eacP C\u00d4NG TY<\/span><\/h2>\n<p><span style=\"font-family: montserrat; color: #585857;\">Th\u00e0nh l\u1eadp c\u00f4ng ty t\u1ea1i Singapore v\u00e0 c\u00e1c \u0111\u1ecbnh ch\u1ebf kh\u00e1c (BVI, Seychelles, v.v.), gi\u00fap doanh nghi\u1ec7p <\/span><\/p>\n<p><span style=\"font-family: montserrat; color: #585857;\">m\u1edf r\u1ed9ng th\u1ecb tr\u01b0\u1eddng to\u00e0n c\u1ea7u.<\/span><\/p>\n\t\t<\/div>\n\t\t\t\t\t<\/div>\n\n\t\n\n\t<div id=\"col-1939294460\" class=\"col show-for-medium hide-for-small medium-1 small-12 large-4\"  >\n\t\t\t\t<div class=\"col-inner\"  >\n\t\t\t\n\t\t\t\n\t\t<\/div>\n\t\t\t\t\t<\/div>\n\n\t\n\n\t<div id=\"col-2005544707\" class=\"col medium-3 large-2\"  >\n\t\t\t\t<div class=\"col-inner\"  >\n\t\t\t\n\t\t\t\n\t<div class=\"img has-hover x md-x lg-x y md-y lg-y\" id=\"image_1512077106\">\n\t\t\t\t\t\t\t\t<div class=\"img-inner dark\" >\n\t\t\t<img loading=\"lazy\" decoding=\"async\" width=\"721\" height=\"721\" src=\"https:\/\/bright-capital.sg\/wp-content\/uploads\/2024\/05\/group-21@3x-4.png\" class=\"attachment-2048x2048 size-2048x2048\" alt=\"\" srcset=\"https:\/\/bright-capital.sg\/wp-content\/uploads\/2024\/05\/group-21@3x-4.png 721w, https:\/\/bright-capital.sg\/wp-content\/uploads\/2024\/05\/group-21@3x-4-400x400.png 400w, https:\/\/bright-capital.sg\/wp-content\/uploads\/2024\/05\/group-21@3x-4-280x280.png 280w\" sizes=\"auto, (max-width: 721px) 100vw, 721px\" \/>\t\t\t\t\t\t\n\t\t\t\t\t<\/div>\n\t\t\t\t\t\t\t\t\n<style>\n#image_1512077106 {\n  width: 100%;\n}\n<\/style>\n\t<\/div>\n\t\n\t\t<\/div>\n\t\t\t\t\t<\/div>\n\n\t\n<\/div>\n\t\t<\/div>\n\t\t\t\t\t<\/div>\n\n\t\n<\/div>\n\t\t<\/div>\n\n\t\t\n<style>\n#section_2139169361 {\n  padding-top: 30px;\n  padding-bottom: 30px;\n  background-color: rgb(245, 245, 245);\n}\n<\/style>\n\t<\/section>\n\t\n\t<section class=\"section show-for-small\" id=\"section_959103567\">\n\t\t<div class=\"bg section-bg fill bg-fill\" >\n\n\t\t\t\n\t\t\t\n\t\t\t\n\n\t\t<\/div>\n\n\t\t\n\n\t\t<div class=\"section-content relative\">\n\t\t\t\n<div class=\"row row-collapse align-center\"  id=\"row-1219195333\">\n\n\t<div id=\"col-1923078153\" class=\"col small-11 large-12\"  >\n\t\t\t\t<div class=\"col-inner\"  >\n\t\t\t\n\t\t\t\n\t<div id=\"text-3419195037\" class=\"text\">\n\t\t\n<h5><span style=\"font-family: montserrat-semibold;\">D\u1ecbch v\u1ee5<\/span><\/h5>\n\t\t\n<style>\n#text-3419195037 {\n  color: rgb(255, 255, 255);\n}\n#text-3419195037 > * {\n  color: rgb(255, 255, 255);\n}\n<\/style>\n\t<\/div>\n\t\n<div class=\"is-divider divider clearfix\" style=\"margin-top:20px;margin-bottom:20px;max-width:20%;background-color:rgb(255, 130, 0);\"><\/div>\n\t<div id=\"text-2759087643\" class=\"text show-for-small\">\n\t\t\n<h5 class=\"uppercase\"><span style=\"font-family: montserrat-bold;\">Th\u00e0nh l\u1eadp c\u00f4ng ty<\/span><\/h5>\n<p><span style=\"font-family: montserrat; font-size: 90%;\">Comprehensive offshore services for international growth and regulatory requirements.<\/span><br \/>\n\t\t\n<style>\n#text-2759087643 {\n  color: rgb(255, 255, 255);\n}\n#text-2759087643 > * {\n  color: rgb(255, 255, 255);\n}\n<\/style>\n\t<\/div>\n\t\n\t\t<\/div>\n\t\t\t\t\t<\/div>\n\n\t\n<\/div>\n\t\t<\/div>\n\n\t\t\n<style>\n#section_959103567 {\n  padding-top: 30px;\n  padding-bottom: 30px;\n}\n#section_959103567 .section-bg.bg-loaded {\n  background-image: url(https:\/\/bright-capital.sg\/wp-content\/uploads\/2024\/04\/group-3@3x.png);\n}\n<\/style>\n\t<\/section>\n\t\n\t<section class=\"section\" id=\"section_1249516663\">\n\t\t<div class=\"bg section-bg fill bg-fill  bg-loaded\" >\n\n\t\t\t\n\t\t\t\n\t\t\t\n\n\t\t<\/div>\n\n\t\t\n\n\t\t<div class=\"section-content relative\">\n\t\t\t\n<div class=\"row row-small\"  id=\"row-831020671\">\n\n\t<div id=\"col-30262492\" class=\"col medium-12 small-12 large-9\"  >\n\t\t\t\t<div class=\"col-inner\"  >\n\t\t\t\n\t\t\t\n<div class=\"row\"  id=\"row-606174942\">\n\n\t<div id=\"col-1302903409\" class=\"col small-12 large-12\"  >\n\t\t\t\t<div class=\"col-inner\"  >\n\t\t\t\n\t\t\t\n<div class=\"row row-collapse row-full-width\"  id=\"row-1106767055\">\n\n\t<div id=\"col-400523570\" class=\"col large-12\"  >\n\t\t\t\t<div class=\"col-inner\"  >\n\t\t\t\n\t\t\t\n<p><span style=\"font-family: montserrat; color: #282828;\">When companies aim to expand internationally or individuals plan to invest overseas, establishing a company in Singapore or other jurisdictions becomes essential.<\/span><\/p>\n<p><span style=\"font-family: montserrat; color: #282828;\">Bright Capital provides a full-package solution for company formation and operation in Singapore and other jurisdictions, such as the British Virgin Islands and Seychelles.<\/span><\/p>\n\t\t<\/div>\n\t\t\t\t\t<\/div>\n\n\t\n<\/div>\n\t\t<\/div>\n\t\t\t\t\t<\/div>\n\n\t\n\n\t<div id=\"col-1426360750\" class=\"col small-12 large-12\"  >\n\t\t\t\t<div class=\"col-inner\"  >\n\t\t\t\n\t\t\t\n<h2><span style=\"font-family: montserrat-bold; color: #282828;\">Singapore<\/span><\/h2>\n<p class=\"p1\"><span style=\"font-size: 90%;\"><strong><span style=\"color: #282828; font-family: montserrat;\">T\u1ea1i sao l\u1ea1i ch\u1ecdn n\u01a1i n\u00e0y?<\/span><\/strong><\/span><\/p>\n<div class=\"row\"  id=\"row-278601814\">\n\n\t<div id=\"col-718723058\" class=\"col medium-6 small-12 large-6\"  >\n\t\t\t\t<div class=\"col-inner\"  >\n\t\t\t\n\t\t\t\n\n\t\t<div class=\"icon-box featured-box icon-box-left text-left\"  >\n\t\t\t\t\t<div class=\"icon-box-img\" style=\"width: 42px\">\n\t\t\t\t<div class=\"icon\">\n\t\t\t\t\t<div class=\"icon-inner\" >\n\t\t\t\t\t\t<img loading=\"lazy\" decoding=\"async\" width=\"101\" height=\"101\" src=\"https:\/\/bright-capital.sg\/wp-content\/uploads\/2024\/05\/group-76@3x.png\" class=\"attachment-medium size-medium\" alt=\"\" \/>\t\t\t\t\t<\/div>\n\t\t\t\t<\/div>\n\t\t\t<\/div>\n\t\t\t\t<div class=\"icon-box-text last-reset\">\n\t\t\t\t\t\t\t\t\t\n<h5 class=\"p1\"><span class=\"s1\" style=\"font-family: montserrat-bold; color: #282828;\">\u01afu \u0111\u00e3i v\u1ec1 thu\u1ebf<\/span><\/h5>\n<p class=\"p1\"><span style=\"font-family: montserrat; color: #282828;\">Ch\u00ednh ph\u1ee7 Singapore c\u00f3 ch\u00ednh s\u00e1ch \u01b0u \u0111\u00e3i v\u1ec1 Thu\u1ebf thu nh\u1eadp c\u00e1 nh\u00e2n, thu\u1ebf th\u1eeba k\u1ebf, kh\u00f4ng \u0111\u00e1nh thu\u1ebf tr\u00ean th\u1eb7ng d\u01b0 v\u1ed1n v\u00e0 thu\u1ebf c\u1ed5 t\u1ee9c g\u1ea7n b\u1eb1ng 0. Ngo\u00e0i ra, Singapore c\u00f2n c\u00f3 c\u00e1c Ch\u01b0\u01a1ng tr\u00ecnh mi\u1ec5n gi\u1ea3m thu\u1ebf c\u1ee7a Ch\u00ednh ph\u1ee7 d\u00e0nh cho c\u00e1c c\u00f4ng ty kh\u1edfi nghi\u1ec7p v\u00e0 c\u00e1c doanh nghi\u1ec7p kh\u00e1c.<\/span><\/p>\n\t\t<\/div>\n\t<\/div>\n\t\n\t\n\t\t<\/div>\n\t\t\t\t\t<\/div>\n\n\t\n\n\t<div id=\"col-870713722\" class=\"col medium-6 small-12 large-6\"  >\n\t\t\t\t<div class=\"col-inner\"  >\n\t\t\t\n\t\t\t\n\n\t\t<div class=\"icon-box featured-box icon-box-left text-left\"  >\n\t\t\t\t\t<div class=\"icon-box-img\" style=\"width: 42px\">\n\t\t\t\t<div class=\"icon\">\n\t\t\t\t\t<div class=\"icon-inner\" >\n\t\t\t\t\t\t<img loading=\"lazy\" decoding=\"async\" width=\"103\" height=\"103\" src=\"https:\/\/bright-capital.sg\/wp-content\/uploads\/2024\/05\/group-77@3x.png\" class=\"attachment-medium size-medium\" alt=\"\" \/>\t\t\t\t\t<\/div>\n\t\t\t\t<\/div>\n\t\t\t<\/div>\n\t\t\t\t<div class=\"icon-box-text last-reset\">\n\t\t\t\t\t\t\t\t\t\n<h5 class=\"p1\"><span class=\"s1\" style=\"font-family: montserrat-bold; color: #282828;\">Ti\u1ebfp c\u1eadn Ngu\u1ed3n V\u1ed1n Qu\u1ed1c t\u1ebf<\/span><\/h5>\n<p class=\"p1\"><span style=\"font-family: montserrat; color: #282828;\">\u0110\u01b0\u1ee3c h\u01b0\u1edfng l\u1ee3i t\u1eeb c\u00e1c ngu\u1ed3n v\u1ed1n v\u1edbi l\u00e3i su\u1ea5t ph\u1ea3i ch\u0103ng th\u00f4ng qua h\u1ec7 th\u1ed1ng ng\u00e2n h\u00e0ng v\u1eefng m\u1ea1nh v\u00e0 c\u00e1c qu\u1ef9 \u0111\u1ea7u t\u01b0 qu\u1ed1c t\u1ebf.<\/span><\/p>\n\t\t<\/div>\n\t<\/div>\n\t\n\t\n\t\t<\/div>\n\t\t\t\t\t<\/div>\n\n\t\n\n\t<div id=\"col-921701421\" class=\"col medium-6 small-12 large-6\"  >\n\t\t\t\t<div class=\"col-inner\"  >\n\t\t\t\n\t\t\t\n\n\t\t<div class=\"icon-box featured-box icon-box-left text-left\"  >\n\t\t\t\t\t<div class=\"icon-box-img\" style=\"width: 42px\">\n\t\t\t\t<div class=\"icon\">\n\t\t\t\t\t<div class=\"icon-inner\" >\n\t\t\t\t\t\t<img loading=\"lazy\" decoding=\"async\" width=\"102\" height=\"103\" src=\"https:\/\/bright-capital.sg\/wp-content\/uploads\/2024\/05\/group-78@3x.png\" class=\"attachment-medium size-medium\" alt=\"\" \/>\t\t\t\t\t<\/div>\n\t\t\t\t<\/div>\n\t\t\t<\/div>\n\t\t\t\t<div class=\"icon-box-text last-reset\">\n\t\t\t\t\t\t\t\t\t\n<h5 class=\"p1\"><span class=\"s1\" style=\"font-family: montserrat-bold; color: #282828;\">Tr\u1ee5 s\u1edf to\u00e0n c\u1ea7u<\/span><\/h5>\n<p class=\"p1\"><span style=\"font-family: montserrat; color: #282828;\">T\u1eadn d\u1ee5ng l\u1ee3i th\u1ebf t\u1eeb c\u00e1c m\u1ed1i quan h\u1ec7 th\u01b0\u01a1ng m\u1ea1i v\u00e0 v\u1ecb tr\u00ed chi\u1ebfn l\u01b0\u1ee3c c\u1ee7a Singapore \u0111\u1ec3 ti\u1ebfp c\u1eadn c\u00e1c th\u1ecb tr\u01b0\u1eddng, qu\u1ed1c gia m\u1edbi v\u00e0 m\u1edf r\u1ed9ng ho\u1ea1t \u0111\u1ed9ng trong khu v\u1ef1c.<\/span><\/p>\n\t\t<\/div>\n\t<\/div>\n\t\n\t\n\t\t<\/div>\n\t\t\t\t\t<\/div>\n\n\t\n\n\t<div id=\"col-1773185508\" class=\"col medium-6 small-12 large-6\"  >\n\t\t\t\t<div class=\"col-inner\"  >\n\t\t\t\n\t\t\t\n\n\t\t<div class=\"icon-box featured-box icon-box-left text-left\"  >\n\t\t\t\t\t<div class=\"icon-box-img\" style=\"width: 42px\">\n\t\t\t\t<div class=\"icon\">\n\t\t\t\t\t<div class=\"icon-inner\" >\n\t\t\t\t\t\t<img loading=\"lazy\" decoding=\"async\" width=\"103\" height=\"103\" src=\"https:\/\/bright-capital.sg\/wp-content\/uploads\/2024\/05\/group-80@3x.png\" class=\"attachment-medium size-medium\" alt=\"\" \/>\t\t\t\t\t<\/div>\n\t\t\t\t<\/div>\n\t\t\t<\/div>\n\t\t\t\t<div class=\"icon-box-text last-reset\">\n\t\t\t\t\t\t\t\t\t\n<h5 class=\"p1\"><span class=\"s1\" style=\"font-family: montserrat-bold; color: #282828;\">Ti\u1ec1m n\u0103ng ni\u00eam y\u1ebft c\u1ed5 phi\u1ebfu<\/span><\/h5>\n<p class=\"p1\"><span style=\"font-family: montserrat; color: #282828;\">S\u00e0n giao d\u1ecbch ch\u1ee9ng kho\u00e1n uy t\u00edn c\u1ee7a Singapore c\u00f3 th\u1ec3 gi\u00fap doanh nghi\u1ec7p v\u00e0 nh\u00e0 \u0111\u1ea7u t\u01b0 th\u1ef1c hi\u1ec7n h\u00f3a chi\u1ebfn l\u01b0\u1ee3c tho\u00e1i v\u1ed1n cho trong t\u01b0\u01a1ng lai.<\/span><\/p>\n\t\t<\/div>\n\t<\/div>\n\t\n\t\n\t\t<\/div>\n\t\t\t\t\t<\/div>\n\n\t\n<\/div>\n<p><span style=\"font-family: montserrat; font-size: 90%; color: #282828;\"><strong>Singapore ph\u00f9 h\u1ee3p v\u1edbi c\u00e1c ng\u00e0nh:<\/strong> Th\u01b0\u01a1ng m\u1ea1i qu\u1ed1c t\u1ebf, \u0110\u1ea7u t\u01b0 v\u00e0 l\u1eadp k\u1ebf ho\u1ea1ch thu\u1ebf.<\/span><\/p>\n\t\t<\/div>\n\t\t\t\t\t<\/div>\n\n\t\n\n\t<div id=\"col-2116186283\" class=\"col small-12 large-12\"  >\n\t\t\t\t<div class=\"col-inner\"  >\n\t\t\t\n\t\t\t\n<div class=\"row row-collapse row-full-width\"  id=\"row-547154951\">\n\n\t<div id=\"col-1202069176\" class=\"col large-12\"  >\n\t\t\t\t<div class=\"col-inner\"  >\n\t\t\t\n\t\t\t\n<div class=\"row\"  id=\"row-991159386\">\n\n\t<div id=\"col-1235012848\" class=\"col small-12 large-12\"  >\n\t\t\t\t<div class=\"col-inner\"  >\n\t\t\t\n\t\t\t\n<h2><span class=\"s1\" style=\"font-family: montserrat-bold; color: #282828;\">C\u00e1c \u0111\u1ecbnh ch\u1ebf kh\u00e1c<\/span><\/h2>\n<p class=\"p1\"><span style=\"color: #282828; font-family: montserrat; font-size: 90%;\">Ngo\u00e0i Singapore, Bright Capital c\u00f2n h\u1ed7 tr\u1ee3 th\u00e0nh l\u1eadp c\u00f4ng ty t\u1ea1i BVI, Seychelles v\u00e0 c\u00e1c \u0111\u1ecbnh ch\u1ebf kh\u00e1c.<\/span><\/p>\n<div class=\"video video-fit mb\" style=\"padding-top:56.25%;\"><p><iframe loading=\"lazy\" title=\"Th\u00e0nh l\u1eadp c\u00f4ng ty t\u1ea1i Singapore - Bright Capital\" width=\"1020\" height=\"574\" src=\"https:\/\/www.youtube.com\/embed\/vcCcGnv1cvA?feature=oembed\" frameborder=\"0\" allow=\"accelerometer; autoplay; clipboard-write; encrypted-media; gyroscope; picture-in-picture; web-share\" referrerpolicy=\"strict-origin-when-cross-origin\" allowfullscreen><\/iframe><\/p>\n<\/div>\n\t<div id=\"text-1886750402\" class=\"text\">\n\t\t\n<h4><span style=\"font-family: montserrat-bold; color: #282828;\">Ch\u00fang t\u00f4i c\u00f3 th\u1ec3 l\u00e0m nh\u1eefng g\u00ec<\/span><\/h4>\n<ul>\n<li><span style=\"color: #282828; font-family: montserrat;\">Th\u00e0nh l\u1eadp c\u00f4ng ty.<\/span><\/li>\n<li><span style=\"color: #282828; font-family: montserrat;\">M\u1edf t\u00e0i kho\u1ea3n ng\u00e2n h\u00e0ng.<\/span><\/li>\n<li><span style=\"color: #282828; font-family: montserrat;\">Thi\u1ebft l\u1eadp \u0111\u1ecba ch\u1ec9 v\u0103n ph\u00f2ng v\u00e0 nh\u1eadn th\u01b0 t\u1eeb.<\/span><\/li>\n<li><span style=\"color: #282828; font-family: montserrat;\">Tu\u00e2n th\u1ee7 c\u00e1c quy \u0111\u1ecbnh ph\u00e1p l\u00fd li\u00ean quan \u0111\u1ebfn doanh nghi\u1ec7p, bao g\u1ed3m n\u1ed9p b\u00e1o c\u00e1o t\u00e0i ch\u00ednh, khai thu\u1ebf. <\/span><\/li>\n<li><span style=\"color: #282828; font-family: montserrat;\">Cung c\u1ea5p gi\u1ea3i ph\u00e1p Gi\u00e1m \u0111\u1ed1c\/Th\u01b0 k\u00fd c\u00f4ng ty.<\/span><\/li>\n<\/ul>\n\t\t\n<style>\n#text-1886750402 {\n  line-height: 1.35;\n}\n<\/style>\n\t<\/div>\n\t\n\t\t<\/div>\n\t\t\t\t\t<\/div>\n\n\t\n<\/div>\n<div class=\"row\"  id=\"row-1606952072\">\n\n\t<div id=\"col-1850184455\" class=\"col small-12 large-12\"  >\n\t\t\t\t<div class=\"col-inner text-center\"  >\n\t\t\t\n\t\t\t\n<a href=\"https:\/\/bright-capital.sg\/vi\/lien-he\/\" class=\"button secondary lowercase\"  style=\"padding:0px 50px 0px 50px;\">\n    <span>Li\u00ean h\u1ec7<\/span>\n  <\/a>\n\n\t\t<\/div>\n\t\t\t\t\n<style>\n#col-1850184455 > .col-inner {\n  margin: 0px 0px -50px 0px;\n}\n<\/style>\n\t<\/div>\n\n\t\n<\/div>\n\t\t<\/div>\n\t\t\t\t\t<\/div>\n\n\t\n<\/div>\n\t\t<\/div>\n\t\t\t\t\t<\/div>\n\n\t\n<\/div>\n\t\t<\/div>\n\t\t\t\t\t<\/div>\n\n\t\n\n\t<div id=\"col-556369946\" class=\"col medium-12 small-12 large-3\"  >\n\t\t\t\t<div class=\"col-inner\"  >\n\t\t\t\n\t\t\t\n\t<div id=\"gap-1545777705\" class=\"gap-element clearfix\" style=\"display:block; height:auto;\">\n\t\t\n<style>\n#gap-1545777705 {\n  padding-top: 30px;\n}\n<\/style>\n\t<\/div>\n\t\n<div class=\"row\"  id=\"row-887908716\">\n\n\t<div id=\"col-226347633\" class=\"col small-12 large-12\"  >\n\t\t\t\t<div class=\"col-inner text-left\"  >\n\t\t\t\n\t\t\t\n<h4><span style=\"font-family: montserrat-bold;\">Tin t\u1ee9c<\/span><\/h4>\n\n  \n    <div class=\"row large-columns-1 medium-columns-3 small-columns-1 slider row-slider slider-nav-reveal slider-nav-push\"  data-flickity-options='{\"imagesLoaded\": true, \"groupCells\": \"100%\", \"dragThreshold\" : 5, \"cellAlign\": \"left\",\"wrapAround\": true,\"prevNextButtons\": true,\"percentPosition\": true,\"pageDots\": false, \"rightToLeft\": false, \"autoPlay\" : false}' >\n\n  <div class=\"col post-item\" >\n\t\t\t<div class=\"col-inner\">\n\t\t\t\t<div class=\"box box-normal box-text-bottom box-blog-post has-hover\">\n          \t\t\t\t\t<div class=\"box-text text-left\" style=\"padding:0px 0px 0px 0px;\">\n\t\t\t\t\t<div class=\"box-text-inner blog-post-inner\">\n\n\t\t\t\t\t\n\t\t\t\t\t\t\t\t\t\t<h5 class=\"post-title is-large\">\n\t\t\t\t\t\t<a href=\"https:\/\/bright-capital.sg\/vi\/2025\/04\/10\/tong-thong-donald-trump-va-thue-doi-ung-nhung-dieu-nha-dau-tu-can-biet\/\" class=\"plain\">T\u1ed4NG TH\u1ed0NG DONALD TRUMP V\u00c0 THU\u1ebe \u0110\u1ed0I \u1ee8NG &#8211; NH\u1eeeNG \u0110I\u1ec0U NH\u00c0 \u0110\u1ea6U T\u01af C\u1ea6N BI\u1ebeT.<\/a>\n\t\t\t\t\t<\/h5>\n\t\t\t\t\t<div class=\"post-meta is-small op-8\">Th\u00e1ng 4 10, 2025<\/div>\t\t\t\t\t<div class=\"is-divider\"><\/div>\n\t\t\t\t\t                    \n\t\t\t\t\t\n\t\t\t\t\t\n\t\t\t\t\t<\/div>\n\t\t\t\t\t<\/div>\n\t\t\t\t\t\t\t\t\t<\/div>\n\t\t\t<\/div>\n\t\t<\/div><div class=\"col post-item\" >\n\t\t\t<div class=\"col-inner\">\n\t\t\t\t<div class=\"box box-normal box-text-bottom box-blog-post has-hover\">\n          \t\t\t\t\t<div class=\"box-text text-left\" style=\"padding:0px 0px 0px 0px;\">\n\t\t\t\t\t<div class=\"box-text-inner blog-post-inner\">\n\n\t\t\t\t\t\n\t\t\t\t\t\t\t\t\t\t<h5 class=\"post-title is-large\">\n\t\t\t\t\t\t<a href=\"https:\/\/bright-capital.sg\/vi\/2025\/02\/26\/cap-nhat-moi-nhat-ve-visa-doi-moi-quoc-gia-national-innovation-visa-858\/\" class=\"plain\">C\u1eacP NH\u1eacT M\u1edaI NH\u1ea4T V\u1ec0 VISA \u0110\u1ed4I M\u1edaI QU\u1ed0C GIA &#8211; NATIONAL INNOVATION VISA 858<\/a>\n\t\t\t\t\t<\/h5>\n\t\t\t\t\t<div class=\"post-meta is-small op-8\">Th\u00e1ng 2 26, 2025<\/div>\t\t\t\t\t<div class=\"is-divider\"><\/div>\n\t\t\t\t\t                    \n\t\t\t\t\t\n\t\t\t\t\t\n\t\t\t\t\t<\/div>\n\t\t\t\t\t<\/div>\n\t\t\t\t\t\t\t\t\t<\/div>\n\t\t\t<\/div>\n\t\t<\/div><div class=\"col post-item\" >\n\t\t\t<div class=\"col-inner\">\n\t\t\t\t<div class=\"box box-normal box-text-bottom box-blog-post has-hover\">\n          \t\t\t\t\t<div class=\"box-text text-left\" style=\"padding:0px 0px 0px 0px;\">\n\t\t\t\t\t<div class=\"box-text-inner blog-post-inner\">\n\n\t\t\t\t\t\n\t\t\t\t\t\t\t\t\t\t<h5 class=\"post-title is-large\">\n\t\t\t\t\t\t<a href=\"https:\/\/bright-capital.sg\/vi\/2024\/06\/17\/australian-residential-real-estate-market-overview\/\" class=\"plain\">Australian Residential Real Estate Market Overview<\/a>\n\t\t\t\t\t<\/h5>\n\t\t\t\t\t<div class=\"post-meta is-small op-8\">Th\u00e1ng 6 17, 2024<\/div>\t\t\t\t\t<div class=\"is-divider\"><\/div>\n\t\t\t\t\t                    \n\t\t\t\t\t\n\t\t\t\t\t\n\t\t\t\t\t<\/div>\n\t\t\t\t\t<\/div>\n\t\t\t\t\t\t\t\t\t<\/div>\n\t\t\t<\/div>\n\t\t<\/div><div class=\"col post-item\" >\n\t\t\t<div class=\"col-inner\">\n\t\t\t\t<div class=\"box box-normal box-text-bottom box-blog-post has-hover\">\n          \t\t\t\t\t<div class=\"box-text text-left\" style=\"padding:0px 0px 0px 0px;\">\n\t\t\t\t\t<div class=\"box-text-inner blog-post-inner\">\n\n\t\t\t\t\t\n\t\t\t\t\t\t\t\t\t\t<h5 class=\"post-title is-large\">\n\t\t\t\t\t\t<a href=\"https:\/\/bright-capital.sg\/vi\/2024\/06\/17\/2799\/\" class=\"plain\">Plastic Recycling Technology Towards the Circular Economy\u00a0<\/a>\n\t\t\t\t\t<\/h5>\n\t\t\t\t\t<div class=\"post-meta is-small op-8\">Th\u00e1ng 6 17, 2024<\/div>\t\t\t\t\t<div class=\"is-divider\"><\/div>\n\t\t\t\t\t                    \n\t\t\t\t\t\n\t\t\t\t\t\n\t\t\t\t\t<\/div>\n\t\t\t\t\t<\/div>\n\t\t\t\t\t\t\t\t\t<\/div>\n\t\t\t<\/div>\n\t\t<\/div><div class=\"col post-item\" >\n\t\t\t<div class=\"col-inner\">\n\t\t\t\t<div class=\"box box-normal box-text-bottom box-blog-post has-hover\">\n          \t\t\t\t\t<div class=\"box-text text-left\" style=\"padding:0px 0px 0px 0px;\">\n\t\t\t\t\t<div class=\"box-text-inner blog-post-inner\">\n\n\t\t\t\t\t\n\t\t\t\t\t\t\t\t\t\t<h5 class=\"post-title is-large\">\n\t\t\t\t\t\t<a href=\"https:\/\/bright-capital.sg\/vi\/2024\/06\/05\/a-guide-on-singapore-taxation-system\/\" class=\"plain\">A Guide on Singapore Taxation System<\/a>\n\t\t\t\t\t<\/h5>\n\t\t\t\t\t<div class=\"post-meta is-small op-8\">Th\u00e1ng 6 5, 2024<\/div>\t\t\t\t\t<div class=\"is-divider\"><\/div>\n\t\t\t\t\t                    \n\t\t\t\t\t\n\t\t\t\t\t\n\t\t\t\t\t<\/div>\n\t\t\t\t\t<\/div>\n\t\t\t\t\t\t\t\t\t<\/div>\n\t\t\t<\/div>\n\t\t<\/div><\/div>\n<a href=\"https:\/\/bright-capital.sg\/news-insight\/\" class=\"button secondary is-underline is-small lowercase\"  >\n    <span>Xem t\u1ea5t c\u1ea3<\/span>\n  <\/a>\n\n\t\t<\/div>\n\t\t\t\t\n<style>\n#col-226347633 > .col-inner {\n  margin: 0px 0px -20px 0px;\n}\n<\/style>\n\t<\/div>\n\n\t\n\n\t<div id=\"col-1087680258\" class=\"col small-12 large-12\"  >\n\t\t\t\t<div class=\"col-inner text-left\"  >\n\t\t\t\n\t\t\t\n<h4><span style=\"font-family: montserrat-bold;\">D\u1ecbch v\u1ee5<\/span><\/h4>\n<div class=\"row\"  id=\"row-496082824\">\n\n\t<div id=\"col-1979481891\" class=\"col small-12 large-12\"  >\n\t\t\t\t<div class=\"col-inner text-right\"  >\n\t\t\t\n\t\t\t\n\t<div id=\"text-1510289115\" class=\"text\">\n\t\t\t\t\t\t\t<li class=\"service-list-item\">\n\t\t\t\t<p>\n\t\t\t\t\t<a href= \"https:\/\/bright-capital.sg\/vi\/dich-vu\/quan-ly-tai-san\/\">\n\t\t\t\t\t\tQu\u1ea3n l\u00fd t\u00e0i s\u1ea3n\t\t\t\t\t<\/a>\n\t\t\t\t<\/p>\n\t\t\t<\/li>\n\t\t\t\t<li class=\"service-list-item\">\n\t\t\t\t<p>\n\t\t\t\t\t<a href= \"https:\/\/bright-capital.sg\/vi\/dich-vu\/thanh-lap-cong-ty\/\">\n\t\t\t\t\t\tTh\u00e0nh l\u1eadp c\u00f4ng ty\t\t\t\t\t<\/a>\n\t\t\t\t<\/p>\n\t\t\t<\/li>\n\t\t\t\t<li class=\"service-list-item\">\n\t\t\t\t<p>\n\t\t\t\t\t<a href= \"https:\/\/bright-capital.sg\/vi\/?page_id=2573\">\n\t\t\t\t\t\tT\u01b0 v\u1ea5n chi\u1ebfn l\u01b0\u1ee3c v\u00e0 qu\u1ea3n l\u00fd\t\t\t\t\t<\/a>\n\t\t\t\t<\/p>\n\t\t\t<\/li>\n\t\t\t\t<li class=\"service-list-item\">\n\t\t\t\t<p>\n\t\t\t\t\t<a href= \"https:\/\/bright-capital.sg\/vi\/?page_id=2576\">\n\t\t\t\t\t\tT\u01b0 v\u1ea5n chi\u1ebfn l\u01b0\u1ee3c M&#038;A\t\t\t\t\t<\/a>\n\t\t\t\t<\/p>\n\t\t\t<\/li>\n\t\t\t\t<li class=\"service-list-item\">\n\t\t\t\t<p>\n\t\t\t\t\t<a href= \"https:\/\/bright-capital.sg\/vi\/dich-vu\/private-equity\/\">\n\t\t\t\t\t\tPrivate Equity\t\t\t\t\t<\/a>\n\t\t\t\t<\/p>\n\t\t\t<\/li>\n\t\t\t\t<li class=\"service-list-item\">\n\t\t\t\t<p>\n\t\t\t\t\t<a href= \"https:\/\/bright-capital.sg\/vi\/dich-vu\/startup-accelerator\/\">\n\t\t\t\t\t\tStartup Accelerator\t\t\t\t\t<\/a>\n\t\t\t\t<\/p>\n\t\t\t<\/li>\n\t\n\n\t\t\n<style>\n#text-1510289115 {\n  text-align: left;\n}\n<\/style>\n\t<\/div>\n\t\n\t\t<\/div>\n\t\t\t\t\t<\/div>\n\n\t\n<\/div>\n\t\t<\/div>\n\t\t\t\t\t<\/div>\n\n\t\n<\/div>\n\t\t<\/div>\n\t\t\t\t\t<\/div>\n\n\t\n<\/div>\n\t\t<\/div>\n\n\t\t\n<style>\n#section_1249516663 {\n  padding-top: 30px;\n  padding-bottom: 30px;\n}\n<\/style>\n\t<\/section>","protected":false},"excerpt":{"rendered":"","protected":false},"author":1,"featured_media":0,"parent":2570,"menu_order":0,"comment_status":"closed","ping_status":"closed","template":"page-blank.php","meta":{"_acf_changed":false,"footnotes":""},"class_list":["post-2564","page","type-page","status-publish","hentry"],"acf":[],"jetpack_sharing_enabled":true,"_links":{"self":[{"href":"https:\/\/bright-capital.sg\/vi\/wp-json\/wp\/v2\/pages\/2564","targetHints":{"allow":["GET"]}}],"collection":[{"href":"https:\/\/bright-capital.sg\/vi\/wp-json\/wp\/v2\/pages"}],"about":[{"href":"https:\/\/bright-capital.sg\/vi\/wp-json\/wp\/v2\/types\/page"}],"author":[{"embeddable":true,"href":"https:\/\/bright-capital.sg\/vi\/wp-json\/wp\/v2\/users\/1"}],"replies":[{"embeddable":true,"href":"https:\/\/bright-capital.sg\/vi\/wp-json\/wp\/v2\/comments?post=2564"}],"version-history":[{"count":7,"href":"https:\/\/bright-capital.sg\/vi\/wp-json\/wp\/v2\/pages\/2564\/revisions"}],"predecessor-version":[{"id":2774,"href":"https:\/\/bright-capital.sg\/vi\/wp-json\/wp\/v2\/pages\/2564\/revisions\/2774"}],"up":[{"embeddable":true,"href":"https:\/\/bright-capital.sg\/vi\/wp-json\/wp\/v2\/pages\/2570"}],"wp:attachment":[{"href":"https:\/\/bright-capital.sg\/vi\/wp-json\/wp\/v2\/media?parent=2564"}],"curies":[{"name":"wp","href":"https:\/\/api.w.org\/{rel}","templated":true}]}}