{"id":2580,"date":"2024-05-30T17:15:35","date_gmt":"2024-05-30T17:15:35","guid":{"rendered":"https:\/\/bright-capital.sg\/?page_id=2580"},"modified":"2024-05-31T09:57:36","modified_gmt":"2024-05-31T09:57:36","slug":"private-equity","status":"publish","type":"page","link":"https:\/\/bright-capital.sg\/vi\/dich-vu\/private-equity\/","title":{"rendered":"Private Equity"},"content":{"rendered":"<section class=\"section hide-for-small\" id=\"section_730336456\">\n\t\t<div class=\"bg section-bg fill bg-fill  bg-loaded\" >\n\n\t\t\t\n\t\t\t\n\t\t\t\n\n\t\t<\/div>\n\n\t\t\n\n\t\t<div class=\"section-content relative\">\n\t\t\t\n<div class=\"row\"  id=\"row-85605907\">\n\n\t<div id=\"col-1422747683\" class=\"col small-12 large-12\"  >\n\t\t\t\t<div class=\"col-inner\"  >\n\t\t\t\n\t\t\t\n<div class=\"row row-collapse row-full-width\"  id=\"row-1358912175\">\n\n\t<div id=\"col-1181273141\" class=\"col medium-8 large-9\"  >\n\t\t\t\t<div class=\"col-inner\"  >\n\t\t\t\n\t\t\t\n\t<div id=\"text-4187155190\" class=\"text\">\n\t\t\n<h4><span style=\"font-family: montserrat-bold; color: #585857;\">D\u1ecbch v\u1ee5<\/span><\/h4>\n\t\t\n<style>\n#text-4187155190 {\n  line-height: 0.75;\n}\n<\/style>\n\t<\/div>\n\t\n<div class=\"is-divider divider clearfix\" style=\"margin-top:0px;margin-bottom:0px;max-width:8%;background-color:rgb(255, 130, 0);\"><\/div>\n\t<div id=\"gap-876549355\" class=\"gap-element clearfix\" style=\"display:block; height:auto;\">\n\t\t\n<style>\n#gap-876549355 {\n  padding-top: 30px;\n}\n<\/style>\n\t<\/div>\n\t\n<h2 class=\"uppercase\"><span style=\"font-family: montserrat-bold; color: #585857;\">Private equity<\/span><\/h2>\n<p><span style=\"font-family: montserrat; color: #585857;\">\u0110\u1ed3ng h\u00e0nh c\u00f9ng b\u1ea1n \u0111\u1ec3 \u0111\u1ea7u t\u01b0 ra to\u00e0n c\u1ea7u v\u00e0 ph\u00e1t tri\u1ec3n b\u1ec1n v\u1eefng.<\/span><\/p>\n\t\t<\/div>\n\t\t\t\t\t<\/div>\n\n\t\n\n\t<div id=\"col-1065854262\" class=\"col show-for-medium hide-for-small medium-1 small-12 large-4\"  >\n\t\t\t\t<div class=\"col-inner\"  >\n\t\t\t\n\t\t\t\n\t\t<\/div>\n\t\t\t\t\t<\/div>\n\n\t\n\n\t<div id=\"col-151985703\" class=\"col medium-3 large-2\"  >\n\t\t\t\t<div class=\"col-inner\"  >\n\t\t\t\n\t\t\t\n\t<div class=\"img has-hover x md-x lg-x y md-y lg-y\" id=\"image_725331307\">\n\t\t\t\t\t\t\t\t<div class=\"img-inner dark\" >\n\t\t\t<img loading=\"lazy\" decoding=\"async\" width=\"735\" height=\"735\" src=\"https:\/\/bright-capital.sg\/wp-content\/uploads\/2024\/05\/mask-group@3x.png\" class=\"attachment-2048x2048 size-2048x2048\" alt=\"\" srcset=\"https:\/\/bright-capital.sg\/wp-content\/uploads\/2024\/05\/mask-group@3x.png 735w, https:\/\/bright-capital.sg\/wp-content\/uploads\/2024\/05\/mask-group@3x-400x400.png 400w, https:\/\/bright-capital.sg\/wp-content\/uploads\/2024\/05\/mask-group@3x-280x280.png 280w\" sizes=\"auto, (max-width: 735px) 100vw, 735px\" \/>\t\t\t\t\t\t\n\t\t\t\t\t<\/div>\n\t\t\t\t\t\t\t\t\n<style>\n#image_725331307 {\n  width: 100%;\n}\n<\/style>\n\t<\/div>\n\t\n\t\t<\/div>\n\t\t\t\t\t<\/div>\n\n\t\n<\/div>\n\t\t<\/div>\n\t\t\t\t\t<\/div>\n\n\t\n<\/div>\n\t\t<\/div>\n\n\t\t\n<style>\n#section_730336456 {\n  padding-top: 30px;\n  padding-bottom: 30px;\n  background-color: rgb(245, 245, 245);\n}\n<\/style>\n\t<\/section>\n\t\n\t<section class=\"section show-for-small\" id=\"section_1372770346\">\n\t\t<div class=\"bg section-bg fill bg-fill\" >\n\n\t\t\t\n\t\t\t\n\t\t\t\n\n\t\t<\/div>\n\n\t\t\n\n\t\t<div class=\"section-content relative\">\n\t\t\t\n<div class=\"row row-collapse align-center\"  id=\"row-1848111199\">\n\n\t<div id=\"col-1505342960\" class=\"col small-11 large-12\"  >\n\t\t\t\t<div class=\"col-inner\"  >\n\t\t\t\n\t\t\t\n\t<div id=\"text-4041913835\" class=\"text\">\n\t\t\n<h5><span style=\"font-family: montserrat-semibold;\">Services<\/span><\/h5>\n\t\t\n<style>\n#text-4041913835 {\n  color: rgb(255, 255, 255);\n}\n#text-4041913835 > * {\n  color: rgb(255, 255, 255);\n}\n<\/style>\n\t<\/div>\n\t\n<div class=\"is-divider divider clearfix\" style=\"margin-top:20px;margin-bottom:20px;max-width:20%;background-color:rgb(255, 130, 0);\"><\/div>\n\t<div id=\"text-2007115513\" class=\"text\">\n\t\t\n<h5 class=\"uppercase\"><span style=\"font-family: montserrat-semibold;\">Private equity<\/span><\/h5>\n<p><span style=\"font-family: montserrat; font-size: 90%;\">Your dedicated partner to invest globally and sustainably<\/span><br \/>\n\t\t\n<style>\n#text-2007115513 {\n  color: rgb(255, 255, 255);\n}\n#text-2007115513 > * {\n  color: rgb(255, 255, 255);\n}\n<\/style>\n\t<\/div>\n\t\n\t\t<\/div>\n\t\t\t\t\t<\/div>\n\n\t\n<\/div>\n\t\t<\/div>\n\n\t\t\n<style>\n#section_1372770346 {\n  padding-top: 30px;\n  padding-bottom: 30px;\n}\n#section_1372770346 .section-bg.bg-loaded {\n  background-image: url(https:\/\/bright-capital.sg\/wp-content\/uploads\/2024\/04\/group-6@3x.png);\n}\n<\/style>\n\t<\/section>\n\t\n\t<section class=\"section\" id=\"section_1162006737\">\n\t\t<div class=\"bg section-bg fill bg-fill  bg-loaded\" >\n\n\t\t\t\n\t\t\t\n\t\t\t\n\n\t\t<\/div>\n\n\t\t\n\n\t\t<div class=\"section-content relative\">\n\t\t\t\n<div class=\"row row-small\"  id=\"row-962506534\">\n\n\t<div id=\"col-715011275\" class=\"col medium-12 small-12 large-9\"  >\n\t\t\t\t<div class=\"col-inner\"  >\n\t\t\t\n\t\t\t\n<div class=\"row\"  id=\"row-1363161426\">\n\n\t<div id=\"col-1560614925\" class=\"col small-12 large-12\"  >\n\t\t\t\t<div class=\"col-inner\"  >\n\t\t\t\n\t\t\t\n<p><span style=\"font-family: montserrat; color: #282828;\">Bright Capital nghi\u00ean c\u1ee9u v\u00e0 \u0111\u1ed3ng \u0111\u1ea7u t\u01b0 v\u00e0o c\u00e1c c\u01a1 h\u1ed9i ti\u1ec1m n\u0103ng tr\u00ean kh\u1eafp Vi\u1ec7t Nam v\u00e0 th\u1ebf gi\u1edbi. Ch\u00fang t\u00f4i li\u00ean t\u1ee5c c\u1eadp nh\u1eadt v\u00e0 qu\u1ea3n l\u00fd danh m\u1ee5c \u0111\u1ea7u t\u01b0, h\u1ed7 tr\u1ee3 c\u00e1c c\u00f4ng ty trong c\u00e1c giai \u0111o\u1ea1n ph\u00e1t tri\u1ec3n nh\u1eb1m mang l\u1ea1i l\u1ee3i nhu\u1eadn b\u1ec1n v\u1eefng.<\/span><\/p>\n<div class=\"row\"  id=\"row-1015602169\">\n\n\t<div id=\"col-1537468212\" class=\"col small-12 large-12\"  >\n\t\t\t\t<div class=\"col-inner\"  >\n\t\t\t\n\t\t\t\n<h2><span style=\"font-family: montserrat-bold; color: #585857;\">Tri\u1ebft l\u00fd \u0111\u1ea7u t\u01b0<\/span><\/h2>\n<p><span style=\"font-family: montserrat; color: #282828;\">Bright Capital tin r\u1eb1ng doanh nghi\u1ec7p c\u00f3 th\u1ec3 \u0111\u1ea1t \u0111\u01b0\u1ee3c l\u1ee3i nhu\u1eadn c\u00f9ng l\u00fac v\u1edbi ph\u00e1t tri\u1ec3n b\u1ec1n v\u1eefng. Chi\u1ebfn l\u01b0\u1ee3c \u0111\u1ea7u t\u01b0 c\u1ee7a ch\u00fang t\u00f4i \u0111\u01b0\u1ee3c x\u00e2y d\u1ef1ng tr\u00ean n\u1ec1n t\u1ea3ng c\u00e1c cam k\u1ebft c\u1ee7a Vi\u1ec7t Nam v\u1ec1 n\u1ec1n kinh t\u1ebf xanh v\u00e0 n\u1ec1n kinh t\u1ebf tu\u1ea7n ho\u00e0n, \u0111\u1ea3m b\u1ea3o r\u1eb1ng kho\u1ea3n \u0111\u1ea7u t\u01b0 c\u1ee7a b\u1ea1n g\u00f3p ph\u1ea7n t\u1ea1o t\u00e1c \u0111\u1ed9ng t\u00edch c\u1ef1c \u0111\u1ebfn kinh t\u1ebf v\u00e0 m\u00f4i tr\u01b0\u1eddng.<\/span><\/p>\n<h2><span style=\"font-family: montserrat-bold; color: #585857;\">H\u00e0nh \u0111\u1ed9ng<\/span><\/h2>\n<div class=\"row row-small\"  id=\"row-535695864\">\n\n\t<div id=\"col-1228745840\" class=\"col equity-item medium-4 small-4 large-4\"  >\n\t\t\t\t<div class=\"col-inner text-center\"  >\n\t\t\t\n\t\t\t\n\n\t\t<div class=\"icon-box featured-box icon-box-top text-left\"  >\n\t\t\t\t\t<div class=\"icon-box-img\" style=\"width: 60px\">\n\t\t\t\t<div class=\"icon\">\n\t\t\t\t\t<div class=\"icon-inner\" >\n\t\t\t\t\t\t<img loading=\"lazy\" decoding=\"async\" width=\"103\" height=\"103\" src=\"https:\/\/bright-capital.sg\/wp-content\/uploads\/2024\/05\/group-80@3x.png\" class=\"attachment-medium size-medium\" alt=\"\" \/>\t\t\t\t\t<\/div>\n\t\t\t\t<\/div>\n\t\t\t<\/div>\n\t\t\t\t<div class=\"icon-box-text last-reset\">\n\t\t\t\t\t\t\t\t\t\n<p style=\"text-align: center;\"><span style=\"font-family: montserrat-bold; color: #282828; font-size: 90%;\">Th\u00e1o g\u1ee1 kh\u00f3 kh\u0103n<\/span><\/p>\n\t\t<\/div>\n\t<\/div>\n\t\n\t\n\t\t<\/div>\n\t\t\t\t\t<\/div>\n\n\t\n\n\t<div id=\"col-1405492451\" class=\"col equity-item medium-4 small-4 large-4\"  >\n\t\t\t\t<div class=\"col-inner text-center\"  >\n\t\t\t\n\t\t\t\n\n\t\t<div class=\"icon-box featured-box icon-box-top text-left\"  >\n\t\t\t\t\t<div class=\"icon-box-img\" style=\"width: 60px\">\n\t\t\t\t<div class=\"icon\">\n\t\t\t\t\t<div class=\"icon-inner\" >\n\t\t\t\t\t\t<img loading=\"lazy\" decoding=\"async\" width=\"103\" height=\"103\" src=\"https:\/\/bright-capital.sg\/wp-content\/uploads\/2024\/05\/group-80@3x.png\" class=\"attachment-medium size-medium\" alt=\"\" \/>\t\t\t\t\t<\/div>\n\t\t\t\t<\/div>\n\t\t\t<\/div>\n\t\t\t\t<div class=\"icon-box-text last-reset\">\n\t\t\t\t\t\t\t\t\t\n<p style=\"text-align: center;\"><span style=\"font-family: montserrat-bold; color: #282828; font-size: 90%;\">M\u1edf kh\u00f3a ti\u1ec1m n\u0103ng<\/span><\/p>\n\t\t<\/div>\n\t<\/div>\n\t\n\t\n\t\t<\/div>\n\t\t\t\t\t<\/div>\n\n\t\n\n\t<div id=\"col-1494196073\" class=\"col equity-item medium-4 small-4 large-4\"  >\n\t\t\t\t<div class=\"col-inner text-center\"  >\n\t\t\t\n\t\t\t\n\n\t\t<div class=\"icon-box featured-box icon-box-top text-left\"  >\n\t\t\t\t\t<div class=\"icon-box-img\" style=\"width: 60px\">\n\t\t\t\t<div class=\"icon\">\n\t\t\t\t\t<div class=\"icon-inner\" >\n\t\t\t\t\t\t<img loading=\"lazy\" decoding=\"async\" width=\"103\" height=\"103\" src=\"https:\/\/bright-capital.sg\/wp-content\/uploads\/2024\/05\/group-80@3x.png\" class=\"attachment-medium size-medium\" alt=\"\" \/>\t\t\t\t\t<\/div>\n\t\t\t\t<\/div>\n\t\t\t<\/div>\n\t\t\t\t<div class=\"icon-box-text last-reset\">\n\t\t\t\t\t\t\t\t\t\n<p style=\"text-align: center;\"><span style=\"font-family: montserrat-bold; color: #282828; font-size: 90%;\">Ph\u00e1t tri\u1ec3n b\u1ec1n v\u1eefng<\/span><\/p>\n\t\t<\/div>\n\t<\/div>\n\t\n\t\n\t\t<\/div>\n\t\t\t\t\t<\/div>\n\n\t\n<\/div>\n\t\t<\/div>\n\t\t\t\t\t<\/div>\n\n\t\n\n\t<div id=\"col-848291850\" class=\"col small-12 large-12\"  >\n\t\t\t\t<div class=\"col-inner\"  >\n\t\t\t\n\t\t\t\n<h2><span style=\"font-family: montserrat-bold; color: #585857;\">Nh\u1eefng ng\u00e0nh \u01b0u ti\u00ean ch\u00fa tr\u1ecdng<\/span><\/h2>\n<p><span style=\"font-family: montserrat; color: #282828;\">Ch\u00fang t\u00f4i \u01b0u ti\u00ean c\u00e1c \u00fd t\u01b0\u1edfng \u0111\u00e3 \u0111\u01b0\u1ee3c th\u1ef1c hi\u1ec7n h\u00f3a, v\u00e0 \u0111\u00e3 \u0111\u01b0\u1ee3c ch\u1ee9ng minh kh\u1ea3 thi v\u1ec1 m\u1eb7t t\u00e0i ch\u00ednh.<\/span><\/p>\n<div class=\"row row-small\"  id=\"row-1962109221\">\n\n\t<div id=\"col-1651077481\" class=\"col equity-item medium-4 small-4 large-4\"  >\n\t\t\t\t<div class=\"col-inner text-center\"  >\n\t\t\t\n\t\t\t\n\n\t\t<div class=\"icon-box featured-box icon-box-top text-left\"  >\n\t\t\t\t\t<div class=\"icon-box-img\" style=\"width: 60px\">\n\t\t\t\t<div class=\"icon\">\n\t\t\t\t\t<div class=\"icon-inner\" >\n\t\t\t\t\t\t<img loading=\"lazy\" decoding=\"async\" width=\"103\" height=\"103\" src=\"https:\/\/bright-capital.sg\/wp-content\/uploads\/2024\/05\/group-80@3x.png\" class=\"attachment-medium size-medium\" alt=\"\" \/>\t\t\t\t\t<\/div>\n\t\t\t\t<\/div>\n\t\t\t<\/div>\n\t\t\t\t<div class=\"icon-box-text last-reset\">\n\t\t\t\t\t\t\t\t\t\n<p style=\"text-align: center;\"><span style=\"font-family: montserrat-bold; color: #282828; font-size: 90%;\">Tr\u00ed tu\u1ec7 nh\u00e2n t\u1ea1o<\/span><\/p>\n\t\t<\/div>\n\t<\/div>\n\t\n\t\n\t\t<\/div>\n\t\t\t\t\t<\/div>\n\n\t\n\n\t<div id=\"col-1236763763\" class=\"col equity-item medium-4 small-4 large-4\"  >\n\t\t\t\t<div class=\"col-inner text-center\"  >\n\t\t\t\n\t\t\t\n\n\t\t<div class=\"icon-box featured-box icon-box-top text-left\"  >\n\t\t\t\t\t<div class=\"icon-box-img\" style=\"width: 60px\">\n\t\t\t\t<div class=\"icon\">\n\t\t\t\t\t<div class=\"icon-inner\" >\n\t\t\t\t\t\t<img loading=\"lazy\" decoding=\"async\" width=\"103\" height=\"103\" src=\"https:\/\/bright-capital.sg\/wp-content\/uploads\/2024\/05\/group-80@3x.png\" class=\"attachment-medium size-medium\" alt=\"\" \/>\t\t\t\t\t<\/div>\n\t\t\t\t<\/div>\n\t\t\t<\/div>\n\t\t\t\t<div class=\"icon-box-text last-reset\">\n\t\t\t\t\t\t\t\t\t\n<p style=\"text-align: center;\"><span style=\"font-family: montserrat-bold; color: #282828; font-size: 90%;\">B\u1ea5t \u0111\u1ed9ng s\u1ea3n v\u00e0 Proptech<\/span><\/p>\n\t\t<\/div>\n\t<\/div>\n\t\n\t\n\t\t<\/div>\n\t\t\t\t\t<\/div>\n\n\t\n\n\t<div id=\"col-1934405445\" class=\"col equity-item medium-4 small-4 large-4\"  >\n\t\t\t\t<div class=\"col-inner text-center\"  >\n\t\t\t\n\t\t\t\n\n\t\t<div class=\"icon-box featured-box icon-box-top text-left\"  >\n\t\t\t\t\t<div class=\"icon-box-img\" style=\"width: 60px\">\n\t\t\t\t<div class=\"icon\">\n\t\t\t\t\t<div class=\"icon-inner\" >\n\t\t\t\t\t\t<img loading=\"lazy\" decoding=\"async\" width=\"103\" height=\"103\" src=\"https:\/\/bright-capital.sg\/wp-content\/uploads\/2024\/05\/group-80@3x.png\" class=\"attachment-medium size-medium\" alt=\"\" \/>\t\t\t\t\t<\/div>\n\t\t\t\t<\/div>\n\t\t\t<\/div>\n\t\t\t\t<div class=\"icon-box-text last-reset\">\n\t\t\t\t\t\t\t\t\t\n<p style=\"text-align: center;\"><span style=\"font-family: montserrat-bold; color: #282828; font-size: 90%;\">C\u00f4ng ngh\u1ec7 s\u1ea1ch v\u00e0 b\u1ec1n v\u1eefng<\/span><\/p>\n\t\t<\/div>\n\t<\/div>\n\t\n\t\n\t\t<\/div>\n\t\t\t\t\t<\/div>\n\n\t\n<\/div>\n\t\t<\/div>\n\t\t\t\t\t<\/div>\n\n\t\n<\/div>\n<div class=\"row row-collapse row-full-width\"  id=\"row-1957211623\">\n\n\t<div id=\"col-885813756\" class=\"col small-12 large-12\"  >\n\t\t\t\t<div class=\"col-inner\"  >\n\t\t\t\n\t\t\t\n\t<div id=\"gap-1764885579\" class=\"gap-element clearfix\" style=\"display:block; height:auto;\">\n\t\t\n<style>\n#gap-1764885579 {\n  padding-top: 30px;\n}\n<\/style>\n\t<\/div>\n\t\n<div class=\"row\"  id=\"row-540531871\">\n\n\t<div id=\"col-748077348\" class=\"col small-12 large-12\"  >\n\t\t\t\t<div class=\"col-inner text-center\"  >\n\t\t\t\n\t\t\t\n<a href=\"https:\/\/bright-capital.sg\/vi\/lien-he\/\" class=\"button secondary lowercase\"  style=\"padding:0px 70px 0px 70px;\">\n    <span>Li\u00ean h\u1ec7<\/span>\n  <\/a>\n\n\t\t<\/div>\n\t\t\t\t\n<style>\n#col-748077348 > .col-inner {\n  margin: 0px 0px -40px 0px;\n}\n<\/style>\n\t<\/div>\n\n\t\n<\/div>\n\t\t<\/div>\n\t\t\t\t\t<\/div>\n\n\t\n<\/div>\n\t\t<\/div>\n\t\t\t\t\n<style>\n#col-1560614925 > .col-inner {\n  margin: 0px 0px -50px 0px;\n}\n<\/style>\n\t<\/div>\n\n\t\n<\/div>\n\t\t<\/div>\n\t\t\t\t\t<\/div>\n\n\t\n\n\t<div id=\"col-261059710\" class=\"col medium-12 small-12 large-3\"  >\n\t\t\t\t<div class=\"col-inner\"  >\n\t\t\t\n\t\t\t\n\t<div id=\"gap-584978313\" class=\"gap-element clearfix\" style=\"display:block; height:auto;\">\n\t\t\n<style>\n#gap-584978313 {\n  padding-top: 30px;\n}\n<\/style>\n\t<\/div>\n\t\n<div class=\"row\"  id=\"row-93559771\">\n\n\t<div id=\"col-440597270\" class=\"col small-12 large-12\"  >\n\t\t\t\t<div class=\"col-inner text-left\"  >\n\t\t\t\n\t\t\t\n<h4><span style=\"font-family: montserrat-bold;\">Tin t\u1ee9c<\/span><\/h4>\n\n  \n    <div class=\"row large-columns-1 medium-columns-3 small-columns-1 slider row-slider slider-nav-reveal slider-nav-push\"  data-flickity-options='{\"imagesLoaded\": true, \"groupCells\": \"100%\", \"dragThreshold\" : 5, \"cellAlign\": \"left\",\"wrapAround\": true,\"prevNextButtons\": true,\"percentPosition\": true,\"pageDots\": false, \"rightToLeft\": false, \"autoPlay\" : false}' >\n\n  <div class=\"col post-item\" >\n\t\t\t<div class=\"col-inner\">\n\t\t\t\t<div class=\"box box-normal box-text-bottom box-blog-post has-hover\">\n          \t\t\t\t\t<div class=\"box-text text-left\" style=\"padding:0px 0px 0px 0px;\">\n\t\t\t\t\t<div class=\"box-text-inner blog-post-inner\">\n\n\t\t\t\t\t\n\t\t\t\t\t\t\t\t\t\t<h5 class=\"post-title is-large\">\n\t\t\t\t\t\t<a href=\"https:\/\/bright-capital.sg\/vi\/2025\/04\/10\/tong-thong-donald-trump-va-thue-doi-ung-nhung-dieu-nha-dau-tu-can-biet\/\" class=\"plain\">T\u1ed4NG TH\u1ed0NG DONALD TRUMP V\u00c0 THU\u1ebe \u0110\u1ed0I \u1ee8NG &#8211; NH\u1eeeNG \u0110I\u1ec0U NH\u00c0 \u0110\u1ea6U T\u01af C\u1ea6N BI\u1ebeT.<\/a>\n\t\t\t\t\t<\/h5>\n\t\t\t\t\t<div class=\"post-meta is-small op-8\">Th\u00e1ng 4 10, 2025<\/div>\t\t\t\t\t<div class=\"is-divider\"><\/div>\n\t\t\t\t\t                    \n\t\t\t\t\t\n\t\t\t\t\t\n\t\t\t\t\t<\/div>\n\t\t\t\t\t<\/div>\n\t\t\t\t\t\t\t\t\t<\/div>\n\t\t\t<\/div>\n\t\t<\/div><div class=\"col post-item\" >\n\t\t\t<div class=\"col-inner\">\n\t\t\t\t<div class=\"box box-normal box-text-bottom box-blog-post has-hover\">\n          \t\t\t\t\t<div class=\"box-text text-left\" style=\"padding:0px 0px 0px 0px;\">\n\t\t\t\t\t<div class=\"box-text-inner blog-post-inner\">\n\n\t\t\t\t\t\n\t\t\t\t\t\t\t\t\t\t<h5 class=\"post-title is-large\">\n\t\t\t\t\t\t<a href=\"https:\/\/bright-capital.sg\/vi\/2025\/02\/26\/cap-nhat-moi-nhat-ve-visa-doi-moi-quoc-gia-national-innovation-visa-858\/\" class=\"plain\">C\u1eacP NH\u1eacT M\u1edaI NH\u1ea4T V\u1ec0 VISA \u0110\u1ed4I M\u1edaI QU\u1ed0C GIA &#8211; NATIONAL INNOVATION VISA 858<\/a>\n\t\t\t\t\t<\/h5>\n\t\t\t\t\t<div class=\"post-meta is-small op-8\">Th\u00e1ng 2 26, 2025<\/div>\t\t\t\t\t<div class=\"is-divider\"><\/div>\n\t\t\t\t\t                    \n\t\t\t\t\t\n\t\t\t\t\t\n\t\t\t\t\t<\/div>\n\t\t\t\t\t<\/div>\n\t\t\t\t\t\t\t\t\t<\/div>\n\t\t\t<\/div>\n\t\t<\/div><div class=\"col post-item\" >\n\t\t\t<div class=\"col-inner\">\n\t\t\t\t<div class=\"box box-normal box-text-bottom box-blog-post has-hover\">\n          \t\t\t\t\t<div class=\"box-text text-left\" style=\"padding:0px 0px 0px 0px;\">\n\t\t\t\t\t<div class=\"box-text-inner blog-post-inner\">\n\n\t\t\t\t\t\n\t\t\t\t\t\t\t\t\t\t<h5 class=\"post-title is-large\">\n\t\t\t\t\t\t<a href=\"https:\/\/bright-capital.sg\/vi\/2024\/06\/17\/australian-residential-real-estate-market-overview\/\" class=\"plain\">Australian Residential Real Estate Market Overview<\/a>\n\t\t\t\t\t<\/h5>\n\t\t\t\t\t<div class=\"post-meta is-small op-8\">Th\u00e1ng 6 17, 2024<\/div>\t\t\t\t\t<div class=\"is-divider\"><\/div>\n\t\t\t\t\t                    \n\t\t\t\t\t\n\t\t\t\t\t\n\t\t\t\t\t<\/div>\n\t\t\t\t\t<\/div>\n\t\t\t\t\t\t\t\t\t<\/div>\n\t\t\t<\/div>\n\t\t<\/div><div class=\"col post-item\" >\n\t\t\t<div class=\"col-inner\">\n\t\t\t\t<div class=\"box box-normal box-text-bottom box-blog-post has-hover\">\n          \t\t\t\t\t<div class=\"box-text text-left\" style=\"padding:0px 0px 0px 0px;\">\n\t\t\t\t\t<div class=\"box-text-inner blog-post-inner\">\n\n\t\t\t\t\t\n\t\t\t\t\t\t\t\t\t\t<h5 class=\"post-title is-large\">\n\t\t\t\t\t\t<a href=\"https:\/\/bright-capital.sg\/vi\/2024\/06\/17\/2799\/\" class=\"plain\">Plastic Recycling Technology Towards the Circular Economy\u00a0<\/a>\n\t\t\t\t\t<\/h5>\n\t\t\t\t\t<div class=\"post-meta is-small op-8\">Th\u00e1ng 6 17, 2024<\/div>\t\t\t\t\t<div class=\"is-divider\"><\/div>\n\t\t\t\t\t                    \n\t\t\t\t\t\n\t\t\t\t\t\n\t\t\t\t\t<\/div>\n\t\t\t\t\t<\/div>\n\t\t\t\t\t\t\t\t\t<\/div>\n\t\t\t<\/div>\n\t\t<\/div><div class=\"col post-item\" >\n\t\t\t<div class=\"col-inner\">\n\t\t\t\t<div class=\"box box-normal box-text-bottom box-blog-post has-hover\">\n          \t\t\t\t\t<div class=\"box-text text-left\" style=\"padding:0px 0px 0px 0px;\">\n\t\t\t\t\t<div class=\"box-text-inner blog-post-inner\">\n\n\t\t\t\t\t\n\t\t\t\t\t\t\t\t\t\t<h5 class=\"post-title is-large\">\n\t\t\t\t\t\t<a href=\"https:\/\/bright-capital.sg\/vi\/2024\/06\/05\/a-guide-on-singapore-taxation-system\/\" class=\"plain\">A Guide on Singapore Taxation System<\/a>\n\t\t\t\t\t<\/h5>\n\t\t\t\t\t<div class=\"post-meta is-small op-8\">Th\u00e1ng 6 5, 2024<\/div>\t\t\t\t\t<div class=\"is-divider\"><\/div>\n\t\t\t\t\t                    \n\t\t\t\t\t\n\t\t\t\t\t\n\t\t\t\t\t<\/div>\n\t\t\t\t\t<\/div>\n\t\t\t\t\t\t\t\t\t<\/div>\n\t\t\t<\/div>\n\t\t<\/div><\/div>\n<a href=\"https:\/\/bright-capital.sg\/news-insight\/\" class=\"button secondary is-underline is-small lowercase\"  >\n    <span>Xem t\u1ea5t c\u1ea3<\/span>\n  <\/a>\n\n\t\t<\/div>\n\t\t\t\t\n<style>\n#col-440597270 > .col-inner {\n  margin: 0px 0px -20px 0px;\n}\n<\/style>\n\t<\/div>\n\n\t\n\n\t<div id=\"col-762027135\" class=\"col small-12 large-12\"  >\n\t\t\t\t<div class=\"col-inner text-left\"  >\n\t\t\t\n\t\t\t\n<h4><span style=\"font-family: montserrat-bold;\">D\u1ecbch v\u1ee5<\/span><\/h4>\n<div class=\"row\"  id=\"row-725992976\">\n\n\t<div id=\"col-1545143396\" class=\"col small-12 large-12\"  >\n\t\t\t\t<div class=\"col-inner text-right\"  >\n\t\t\t\n\t\t\t\n\t<div id=\"text-3522362264\" class=\"text\">\n\t\t<br \/>\n<b>Warning<\/b>:  Undefined variable $wp in <b>\/home\/ixzpwgwd\/public_html\/wp-content\/themes\/flatsome-child\/functions.php<\/b> on line <b>14<\/b><br \/>\n<br \/>\n<b>Warning<\/b>:  Attempt to read property \"request\" on null in <b>\/home\/ixzpwgwd\/public_html\/wp-content\/themes\/flatsome-child\/functions.php<\/b> on line <b>14<\/b><br \/>\n\t\t\t\t\t<li class=\"service-list-item\">\n\t\t\t\t<p>\n\t\t\t\t\t<a href= \"https:\/\/bright-capital.sg\/vi\/dich-vu\/quan-ly-tai-san\/\">\n\t\t\t\t\t\tQu\u1ea3n l\u00fd t\u00e0i s\u1ea3n\t\t\t\t\t<\/a>\n\t\t\t\t<\/p>\n\t\t\t<\/li>\n\t\t\t\t<li class=\"service-list-item\">\n\t\t\t\t<p>\n\t\t\t\t\t<a href= \"https:\/\/bright-capital.sg\/vi\/dich-vu\/thanh-lap-cong-ty\/\">\n\t\t\t\t\t\tTh\u00e0nh l\u1eadp c\u00f4ng ty\t\t\t\t\t<\/a>\n\t\t\t\t<\/p>\n\t\t\t<\/li>\n\t\t\t\t<li class=\"service-list-item\">\n\t\t\t\t<p>\n\t\t\t\t\t<a href= \"https:\/\/bright-capital.sg\/vi\/?page_id=2573\">\n\t\t\t\t\t\tT\u01b0 v\u1ea5n chi\u1ebfn l\u01b0\u1ee3c v\u00e0 qu\u1ea3n l\u00fd\t\t\t\t\t<\/a>\n\t\t\t\t<\/p>\n\t\t\t<\/li>\n\t\t\t\t<li class=\"service-list-item\">\n\t\t\t\t<p>\n\t\t\t\t\t<a href= \"https:\/\/bright-capital.sg\/vi\/?page_id=2576\">\n\t\t\t\t\t\tT\u01b0 v\u1ea5n chi\u1ebfn l\u01b0\u1ee3c M&#038;A\t\t\t\t\t<\/a>\n\t\t\t\t<\/p>\n\t\t\t<\/li>\n\t\t\t\t<li class=\"service-list-item\">\n\t\t\t\t<p>\n\t\t\t\t\t<a href= \"https:\/\/bright-capital.sg\/vi\/dich-vu\/private-equity\/\">\n\t\t\t\t\t\tPrivate Equity\t\t\t\t\t<\/a>\n\t\t\t\t<\/p>\n\t\t\t<\/li>\n\t\t\t\t<li class=\"service-list-item\">\n\t\t\t\t<p>\n\t\t\t\t\t<a href= \"https:\/\/bright-capital.sg\/vi\/dich-vu\/startup-accelerator\/\">\n\t\t\t\t\t\tStartup Accelerator\t\t\t\t\t<\/a>\n\t\t\t\t<\/p>\n\t\t\t<\/li>\n\t\n\n\t\t\n<style>\n#text-3522362264 {\n  text-align: left;\n}\n<\/style>\n\t<\/div>\n\t\n\t\t<\/div>\n\t\t\t\t\t<\/div>\n\n\t\n<\/div>\n\t\t<\/div>\n\t\t\t\t\t<\/div>\n\n\t\n<\/div>\n\t\t<\/div>\n\t\t\t\t\t<\/div>\n\n\t\n<\/div>\n\t\t<\/div>\n\n\t\t\n<style>\n#section_1162006737 {\n  padding-top: 30px;\n  padding-bottom: 30px;\n}\n<\/style>\n\t<\/section>","protected":false},"excerpt":{"rendered":"","protected":false},"author":1,"featured_media":0,"parent":2570,"menu_order":0,"comment_status":"closed","ping_status":"closed","template":"page-blank.php","meta":{"_acf_changed":false,"footnotes":""},"class_list":["post-2580","page","type-page","status-publish","hentry"],"acf":[],"jetpack_sharing_enabled":true,"_links":{"self":[{"href":"https:\/\/bright-capital.sg\/vi\/wp-json\/wp\/v2\/pages\/2580","targetHints":{"allow":["GET"]}}],"collection":[{"href":"https:\/\/bright-capital.sg\/vi\/wp-json\/wp\/v2\/pages"}],"about":[{"href":"https:\/\/bright-capital.sg\/vi\/wp-json\/wp\/v2\/types\/page"}],"author":[{"embeddable":true,"href":"https:\/\/bright-capital.sg\/vi\/wp-json\/wp\/v2\/users\/1"}],"replies":[{"embeddable":true,"href":"https:\/\/bright-capital.sg\/vi\/wp-json\/wp\/v2\/comments?post=2580"}],"version-history":[{"count":4,"href":"https:\/\/bright-capital.sg\/vi\/wp-json\/wp\/v2\/pages\/2580\/revisions"}],"predecessor-version":[{"id":2687,"href":"https:\/\/bright-capital.sg\/vi\/wp-json\/wp\/v2\/pages\/2580\/revisions\/2687"}],"up":[{"embeddable":true,"href":"https:\/\/bright-capital.sg\/vi\/wp-json\/wp\/v2\/pages\/2570"}],"wp:attachment":[{"href":"https:\/\/bright-capital.sg\/vi\/wp-json\/wp\/v2\/media?parent=2580"}],"curies":[{"name":"wp","href":"https:\/\/api.w.org\/{rel}","templated":true}]}}