{"id":2584,"date":"2024-05-30T17:33:04","date_gmt":"2024-05-30T17:33:04","guid":{"rendered":"https:\/\/bright-capital.sg\/?page_id=2584"},"modified":"2024-05-30T18:54:32","modified_gmt":"2024-05-30T18:54:32","slug":"startup-accelerator","status":"publish","type":"page","link":"https:\/\/bright-capital.sg\/vi\/dich-vu\/startup-accelerator\/","title":{"rendered":"Startup Accelerator"},"content":{"rendered":"<section class=\"section hide-for-small\" id=\"section_2004986472\">\n\t\t<div class=\"bg section-bg fill bg-fill  bg-loaded\" >\n\n\t\t\t\n\t\t\t\n\t\t\t\n\n\t\t<\/div>\n\n\t\t\n\n\t\t<div class=\"section-content relative\">\n\t\t\t\n<div class=\"row\"  id=\"row-1044414979\">\n\n\t<div id=\"col-1554233224\" class=\"col small-12 large-12\"  >\n\t\t\t\t<div class=\"col-inner\"  >\n\t\t\t\n\t\t\t\n<div class=\"row row-collapse row-full-width\"  id=\"row-566499837\">\n\n\t<div id=\"col-1901159462\" class=\"col medium-8 large-9\"  >\n\t\t\t\t<div class=\"col-inner\"  >\n\t\t\t\n\t\t\t\n\t<div id=\"text-3409609122\" class=\"text\">\n\t\t\n<h4><span style=\"font-family: montserrat-bold; color: #585857;\">D\u1ecbch v\u1ee5<\/span><\/h4>\n\t\t\n<style>\n#text-3409609122 {\n  line-height: 0.75;\n}\n<\/style>\n\t<\/div>\n\t\n<div class=\"is-divider divider clearfix\" style=\"margin-top:0px;margin-bottom:0px;max-width:8%;background-color:rgb(255, 130, 0);\"><\/div>\n\t<div id=\"gap-341691082\" class=\"gap-element clearfix\" style=\"display:block; height:auto;\">\n\t\t\n<style>\n#gap-341691082 {\n  padding-top: 30px;\n}\n<\/style>\n\t<\/div>\n\t\n<h2 class=\"uppercase\"><span style=\"font-family: montserrat-bold; color: #585857;\">Startup accelerator<\/span><\/h2>\n<p><span style=\"font-family: montserrat; color: #585857;\">\u0110\u1ed3ng h\u00e0nh c\u00f9ng c\u00e1c Startup x\u00e2y d\u1ef1ng v\u00e0 ph\u00e1t tri\u1ec3n kinh doanh, cung c\u1ea5p c\u00e1c ngu\u1ed3n l\u1ef1c c\u1ea7n thi\u1ebft \u0111\u1ec3 t\u1ea1o \u0111\u00e0 chinh ph\u1ee5c c\u00e1c th\u00e0nh c\u00f4ng m\u1edbi.<\/span><\/p>\n\t\t<\/div>\n\t\t\t\t\t<\/div>\n\n\t\n\n\t<div id=\"col-2103467699\" class=\"col show-for-medium hide-for-small medium-1 small-12 large-4\"  >\n\t\t\t\t<div class=\"col-inner\"  >\n\t\t\t\n\t\t\t\n\t\t<\/div>\n\t\t\t\t\t<\/div>\n\n\t\n\n\t<div id=\"col-1093254914\" class=\"col medium-3 large-2\"  >\n\t\t\t\t<div class=\"col-inner\"  >\n\t\t\t\n\t\t\t\n\t<div class=\"img has-hover x md-x lg-x y md-y lg-y\" id=\"image_1616786900\">\n\t\t\t\t\t\t\t\t<div class=\"img-inner dark\" >\n\t\t\t<img loading=\"lazy\" decoding=\"async\" width=\"721\" height=\"720\" src=\"https:\/\/bright-capital.sg\/wp-content\/uploads\/2024\/05\/group-21@3x-1.png\" class=\"attachment-2048x2048 size-2048x2048\" alt=\"\" srcset=\"https:\/\/bright-capital.sg\/wp-content\/uploads\/2024\/05\/group-21@3x-1.png 721w, https:\/\/bright-capital.sg\/wp-content\/uploads\/2024\/05\/group-21@3x-1-401x400.png 401w, https:\/\/bright-capital.sg\/wp-content\/uploads\/2024\/05\/group-21@3x-1-280x280.png 280w\" sizes=\"auto, (max-width: 721px) 100vw, 721px\" \/>\t\t\t\t\t\t\n\t\t\t\t\t<\/div>\n\t\t\t\t\t\t\t\t\n<style>\n#image_1616786900 {\n  width: 100%;\n}\n<\/style>\n\t<\/div>\n\t\n\t\t<\/div>\n\t\t\t\t\t<\/div>\n\n\t\n<\/div>\n\t\t<\/div>\n\t\t\t\t\t<\/div>\n\n\t\n<\/div>\n\t\t<\/div>\n\n\t\t\n<style>\n#section_2004986472 {\n  padding-top: 30px;\n  padding-bottom: 30px;\n  background-color: rgb(245, 245, 245);\n}\n<\/style>\n\t<\/section>\n\t\n\t<section class=\"section show-for-small\" id=\"section_402185515\">\n\t\t<div class=\"bg section-bg fill bg-fill\" >\n\n\t\t\t\n\t\t\t\n\t\t\t\n\n\t\t<\/div>\n\n\t\t\n\n\t\t<div class=\"section-content relative\">\n\t\t\t\n<div class=\"row row-collapse align-center\"  id=\"row-1898439703\">\n\n\t<div id=\"col-267419071\" class=\"col small-11 large-12\"  >\n\t\t\t\t<div class=\"col-inner\"  >\n\t\t\t\n\t\t\t\n\t<div id=\"text-522116992\" class=\"text\">\n\t\t\n<h5><span style=\"font-family: montserrat-semibold;\">Services<\/span><\/h5>\n\t\t\n<style>\n#text-522116992 {\n  color: rgb(255, 255, 255);\n}\n#text-522116992 > * {\n  color: rgb(255, 255, 255);\n}\n<\/style>\n\t<\/div>\n\t\n<div class=\"is-divider divider clearfix\" style=\"margin-top:20px;margin-bottom:20px;max-width:20%;background-color:rgb(255, 130, 0);\"><\/div>\n\t<div id=\"text-3515259014\" class=\"text\">\n\t\t\n<h5 class=\"uppercase\"><span style=\"font-family: montserrat-semibold;\">Startup accelerator<\/span><\/h5>\n<p><span style=\"font-family: montserrat; font-size: 90%;\">Gain the resources and guidance needed to build a successful venture.<\/span><br \/>\n\t\t\n<style>\n#text-3515259014 {\n  color: rgb(255, 255, 255);\n}\n#text-3515259014 > * {\n  color: rgb(255, 255, 255);\n}\n<\/style>\n\t<\/div>\n\t\n\t\t<\/div>\n\t\t\t\t\t<\/div>\n\n\t\n<\/div>\n\t\t<\/div>\n\n\t\t\n<style>\n#section_402185515 {\n  padding-top: 30px;\n  padding-bottom: 30px;\n}\n#section_402185515 .section-bg.bg-loaded {\n  background-image: url(https:\/\/bright-capital.sg\/wp-content\/uploads\/2024\/04\/group-5@3x.png);\n}\n<\/style>\n\t<\/section>\n\t\n\t<section class=\"section\" id=\"section_1212848742\">\n\t\t<div class=\"bg section-bg fill bg-fill  bg-loaded\" >\n\n\t\t\t\n\t\t\t\n\t\t\t\n\n\t\t<\/div>\n\n\t\t\n\n\t\t<div class=\"section-content relative\">\n\t\t\t\n<div class=\"row row-small\"  id=\"row-1732755689\">\n\n\t<div id=\"col-1977434224\" class=\"col medium-12 small-12 large-9\"  >\n\t\t\t\t<div class=\"col-inner\"  >\n\t\t\t\n\t\t\t\n<div class=\"row\"  id=\"row-1115214302\">\n\n\t<div id=\"col-657319137\" class=\"col small-12 large-12\"  >\n\t\t\t\t<div class=\"col-inner\"  >\n\t\t\t\n\t\t\t\n<h2><span style=\"font-family: montserrat-bold; color: #585857;\">H\u00e0nh \u0111\u1ed9ng<\/span><\/h2>\n<p><span style=\"font-family: montserrat;\">Ch\u00fang t\u00f4i mong mu\u1ed1n m\u1edf kh\u00f3a ti\u1ec1m n\u0103ng c\u1ee7a c\u00e1c Startup t\u1ea1i Vi\u1ec7t Nam b\u1eb1ng c\u00e1ch<\/span><\/p>\n\t<div id=\"gap-1444157134\" class=\"gap-element clearfix\" style=\"display:block; height:auto;\">\n\t\t\n<style>\n#gap-1444157134 {\n  padding-top: 30px;\n}\n<\/style>\n\t<\/div>\n\t\n<div class=\"row row-small\"  id=\"row-1100494141\">\n\n\t<div id=\"col-1211593656\" class=\"col equity-item medium-6 small-6 large-6\"  >\n\t\t\t\t<div class=\"col-inner text-center\"  >\n\t\t\t\n\t\t\t\n\n\t\t<div class=\"icon-box featured-box icon-box-top text-left\"  >\n\t\t\t\t\t<div class=\"icon-box-img\" style=\"width: 60px\">\n\t\t\t\t<div class=\"icon\">\n\t\t\t\t\t<div class=\"icon-inner\" >\n\t\t\t\t\t\t<img loading=\"lazy\" decoding=\"async\" width=\"103\" height=\"103\" src=\"https:\/\/bright-capital.sg\/wp-content\/uploads\/2024\/05\/group-80@3x.png\" class=\"attachment-medium size-medium\" alt=\"\" \/>\t\t\t\t\t<\/div>\n\t\t\t\t<\/div>\n\t\t\t<\/div>\n\t\t\t\t<div class=\"icon-box-text last-reset\">\n\t\t\t\t\t\t\t\t\t\n\t<div id=\"text-2918269550\" class=\"text\">\n\t\t\n<p><span style=\"font-family: montserrat-bold; color: #282828;\">K\u1ebft n\u1ed1i<\/span><\/p>\n\t\t\n<style>\n#text-2918269550 {\n  line-height: 0.75;\n  text-align: center;\n}\n<\/style>\n\t<\/div>\n\t\n\t<div id=\"text-1435460392\" class=\"text\">\n\t\t\n<p><span style=\"font-family: montserrat;\">Ch\u00fang t\u00f4i mang c\u00e1c nh\u00e0 s\u00e1ng l\u1eadp \u0111\u1ebfn v\u1edbi nhau, v\u00e0 c\u00f9ng nhau kh\u1edfi t\u1ea1o nh\u1eefng d\u1ef1 \u00e1n \u0111\u1ed9t ph\u00e1; h\u1ed7 tr\u1ee3 c\u00e1c Startup k\u1ebft n\u1ed1i v\u1edbi c\u00e1c nh\u00e0 \u0111\u1ea7u t\u01b0 \u0111\u1ec3 g\u1ecdi v\u1ed1n v\u00e0 c\u00f3 c\u01a1 h\u1ed9i ph\u00e1t tri\u1ec3n ra th\u1ecb tr\u01b0\u1eddng qu\u1ed1c t\u1ebf.<\/span><\/p>\n\t\t\n<style>\n#text-1435460392 {\n  text-align: left;\n}\n@media (min-width:550px) {\n  #text-1435460392 {\n    text-align: center;\n  }\n}\n<\/style>\n\t<\/div>\n\t\n\t\t<\/div>\n\t<\/div>\n\t\n\t\n\t\t<\/div>\n\t\t\t\t\t<\/div>\n\n\t\n\n\t<div id=\"col-1551961514\" class=\"col equity-item medium-6 small-6 large-6\"  >\n\t\t\t\t<div class=\"col-inner text-center\"  >\n\t\t\t\n\t\t\t\n\n\t\t<div class=\"icon-box featured-box icon-box-top text-left\"  >\n\t\t\t\t\t<div class=\"icon-box-img\" style=\"width: 60px\">\n\t\t\t\t<div class=\"icon\">\n\t\t\t\t\t<div class=\"icon-inner\" >\n\t\t\t\t\t\t<img loading=\"lazy\" decoding=\"async\" width=\"103\" height=\"103\" src=\"https:\/\/bright-capital.sg\/wp-content\/uploads\/2024\/05\/group-80@3x.png\" class=\"attachment-medium size-medium\" alt=\"\" \/>\t\t\t\t\t<\/div>\n\t\t\t\t<\/div>\n\t\t\t<\/div>\n\t\t\t\t<div class=\"icon-box-text last-reset\">\n\t\t\t\t\t\t\t\t\t\n\t<div id=\"text-1195319805\" class=\"text\">\n\t\t\n<p style=\"text-align: center;\"><span style=\"font-family: montserrat-bold; color: #282828;\">\u0110\u1ea7u t\u01b0 v\u00e0 h\u1ee3p t\u00e1c<\/span><\/p>\n\t\t\n<style>\n#text-1195319805 {\n  line-height: 0.75;\n}\n<\/style>\n\t<\/div>\n\t\n\t<div id=\"text-4062454259\" class=\"text\">\n\t\t\n<p><span style=\"font-family: montserrat;\">Ch\u00fang t\u00f4i ch\u1ee7 \u0111\u1ed9ng \u0111\u1ea7u t\u01b0 v\u00e0 h\u1ee3p t\u00e1c v\u1edbi c\u00e1c Startup ti\u1ec1m n\u0103ng t\u1ea1i Vi\u1ec7t Nam, chia s\u1ebb ngu\u1ed3n l\u1ef1c \u0111\u1ec3 c\u00f9ng nhau \u0111\u1ea1t \u0111\u01b0\u1ee3c m\u1ee5c ti\u00eau t\u0103ng tr\u01b0\u1edfng.<\/span><\/p>\n\t\t\n<style>\n#text-4062454259 {\n  text-align: left;\n}\n@media (min-width:550px) {\n  #text-4062454259 {\n    text-align: center;\n  }\n}\n<\/style>\n\t<\/div>\n\t\n\t\t<\/div>\n\t<\/div>\n\t\n\t\n\t\t<\/div>\n\t\t\t\t\t<\/div>\n\n\t\n<\/div>\n\t\t<\/div>\n\t\t\t\t\t<\/div>\n\n\t\n<\/div>\n\t\t<\/div>\n\t\t\t\t\t<\/div>\n\n\t\n\n\t<div id=\"col-93110026\" class=\"col medium-12 small-12 large-3\"  >\n\t\t\t\t<div class=\"col-inner\"  >\n\t\t\t\n\t\t\t\n<div class=\"row\"  id=\"row-201329095\">\n\n\t<div id=\"col-1297695667\" class=\"col small-12 large-12\"  >\n\t\t\t\t<div class=\"col-inner text-left\"  >\n\t\t\t\n\t\t\t\n<h4><span style=\"font-family: montserrat-bold;\">Tin t\u1ee9c<\/span><\/h4>\n\n  \n    <div class=\"row large-columns-1 medium-columns-3 small-columns-1 slider row-slider slider-nav-reveal slider-nav-push\"  data-flickity-options='{\"imagesLoaded\": true, \"groupCells\": \"100%\", \"dragThreshold\" : 5, \"cellAlign\": \"left\",\"wrapAround\": true,\"prevNextButtons\": true,\"percentPosition\": true,\"pageDots\": false, \"rightToLeft\": false, \"autoPlay\" : false}' >\n\n  <div class=\"col post-item\" >\n\t\t\t<div class=\"col-inner\">\n\t\t\t\t<div class=\"box box-normal box-text-bottom box-blog-post has-hover\">\n          \t\t\t\t\t<div class=\"box-text text-left\" style=\"padding:0px 0px 0px 0px;\">\n\t\t\t\t\t<div class=\"box-text-inner blog-post-inner\">\n\n\t\t\t\t\t\n\t\t\t\t\t\t\t\t\t\t<h5 class=\"post-title is-large\">\n\t\t\t\t\t\t<a href=\"https:\/\/bright-capital.sg\/vi\/2025\/04\/10\/tong-thong-donald-trump-va-thue-doi-ung-nhung-dieu-nha-dau-tu-can-biet\/\" class=\"plain\">T\u1ed4NG TH\u1ed0NG DONALD TRUMP V\u00c0 THU\u1ebe \u0110\u1ed0I \u1ee8NG &#8211; NH\u1eeeNG \u0110I\u1ec0U NH\u00c0 \u0110\u1ea6U T\u01af C\u1ea6N BI\u1ebeT.<\/a>\n\t\t\t\t\t<\/h5>\n\t\t\t\t\t<div class=\"post-meta is-small op-8\">Th\u00e1ng 4 10, 2025<\/div>\t\t\t\t\t<div class=\"is-divider\"><\/div>\n\t\t\t\t\t                    \n\t\t\t\t\t\n\t\t\t\t\t\n\t\t\t\t\t<\/div>\n\t\t\t\t\t<\/div>\n\t\t\t\t\t\t\t\t\t<\/div>\n\t\t\t<\/div>\n\t\t<\/div><div class=\"col post-item\" >\n\t\t\t<div class=\"col-inner\">\n\t\t\t\t<div class=\"box box-normal box-text-bottom box-blog-post has-hover\">\n          \t\t\t\t\t<div class=\"box-text text-left\" style=\"padding:0px 0px 0px 0px;\">\n\t\t\t\t\t<div class=\"box-text-inner blog-post-inner\">\n\n\t\t\t\t\t\n\t\t\t\t\t\t\t\t\t\t<h5 class=\"post-title is-large\">\n\t\t\t\t\t\t<a href=\"https:\/\/bright-capital.sg\/vi\/2025\/02\/26\/cap-nhat-moi-nhat-ve-visa-doi-moi-quoc-gia-national-innovation-visa-858\/\" class=\"plain\">C\u1eacP NH\u1eacT M\u1edaI NH\u1ea4T V\u1ec0 VISA \u0110\u1ed4I M\u1edaI QU\u1ed0C GIA &#8211; NATIONAL INNOVATION VISA 858<\/a>\n\t\t\t\t\t<\/h5>\n\t\t\t\t\t<div class=\"post-meta is-small op-8\">Th\u00e1ng 2 26, 2025<\/div>\t\t\t\t\t<div class=\"is-divider\"><\/div>\n\t\t\t\t\t                    \n\t\t\t\t\t\n\t\t\t\t\t\n\t\t\t\t\t<\/div>\n\t\t\t\t\t<\/div>\n\t\t\t\t\t\t\t\t\t<\/div>\n\t\t\t<\/div>\n\t\t<\/div><div class=\"col post-item\" >\n\t\t\t<div class=\"col-inner\">\n\t\t\t\t<div class=\"box box-normal box-text-bottom box-blog-post has-hover\">\n          \t\t\t\t\t<div class=\"box-text text-left\" style=\"padding:0px 0px 0px 0px;\">\n\t\t\t\t\t<div class=\"box-text-inner blog-post-inner\">\n\n\t\t\t\t\t\n\t\t\t\t\t\t\t\t\t\t<h5 class=\"post-title is-large\">\n\t\t\t\t\t\t<a href=\"https:\/\/bright-capital.sg\/vi\/2024\/06\/17\/australian-residential-real-estate-market-overview\/\" class=\"plain\">Australian Residential Real Estate Market Overview<\/a>\n\t\t\t\t\t<\/h5>\n\t\t\t\t\t<div class=\"post-meta is-small op-8\">Th\u00e1ng 6 17, 2024<\/div>\t\t\t\t\t<div class=\"is-divider\"><\/div>\n\t\t\t\t\t                    \n\t\t\t\t\t\n\t\t\t\t\t\n\t\t\t\t\t<\/div>\n\t\t\t\t\t<\/div>\n\t\t\t\t\t\t\t\t\t<\/div>\n\t\t\t<\/div>\n\t\t<\/div><div class=\"col post-item\" >\n\t\t\t<div class=\"col-inner\">\n\t\t\t\t<div class=\"box box-normal box-text-bottom box-blog-post has-hover\">\n          \t\t\t\t\t<div class=\"box-text text-left\" style=\"padding:0px 0px 0px 0px;\">\n\t\t\t\t\t<div class=\"box-text-inner blog-post-inner\">\n\n\t\t\t\t\t\n\t\t\t\t\t\t\t\t\t\t<h5 class=\"post-title is-large\">\n\t\t\t\t\t\t<a href=\"https:\/\/bright-capital.sg\/vi\/2024\/06\/17\/2799\/\" class=\"plain\">Plastic Recycling Technology Towards the Circular Economy\u00a0<\/a>\n\t\t\t\t\t<\/h5>\n\t\t\t\t\t<div class=\"post-meta is-small op-8\">Th\u00e1ng 6 17, 2024<\/div>\t\t\t\t\t<div class=\"is-divider\"><\/div>\n\t\t\t\t\t                    \n\t\t\t\t\t\n\t\t\t\t\t\n\t\t\t\t\t<\/div>\n\t\t\t\t\t<\/div>\n\t\t\t\t\t\t\t\t\t<\/div>\n\t\t\t<\/div>\n\t\t<\/div><div class=\"col post-item\" >\n\t\t\t<div class=\"col-inner\">\n\t\t\t\t<div class=\"box box-normal box-text-bottom box-blog-post has-hover\">\n          \t\t\t\t\t<div class=\"box-text text-left\" style=\"padding:0px 0px 0px 0px;\">\n\t\t\t\t\t<div class=\"box-text-inner blog-post-inner\">\n\n\t\t\t\t\t\n\t\t\t\t\t\t\t\t\t\t<h5 class=\"post-title is-large\">\n\t\t\t\t\t\t<a href=\"https:\/\/bright-capital.sg\/vi\/2024\/06\/05\/a-guide-on-singapore-taxation-system\/\" class=\"plain\">A Guide on Singapore Taxation System<\/a>\n\t\t\t\t\t<\/h5>\n\t\t\t\t\t<div class=\"post-meta is-small op-8\">Th\u00e1ng 6 5, 2024<\/div>\t\t\t\t\t<div class=\"is-divider\"><\/div>\n\t\t\t\t\t                    \n\t\t\t\t\t\n\t\t\t\t\t\n\t\t\t\t\t<\/div>\n\t\t\t\t\t<\/div>\n\t\t\t\t\t\t\t\t\t<\/div>\n\t\t\t<\/div>\n\t\t<\/div><\/div>\n<a href=\"https:\/\/bright-capital.sg\/news-insight\/\" class=\"button secondary is-underline is-small lowercase\"  >\n    <span>Xem t\u1ea5t c\u1ea3<\/span>\n  <\/a>\n\n\t\t<\/div>\n\t\t\t\t\n<style>\n#col-1297695667 > .col-inner {\n  margin: 0px 0px -20px 0px;\n}\n<\/style>\n\t<\/div>\n\n\t\n\n\t<div id=\"col-1598902230\" class=\"col small-12 large-12\"  >\n\t\t\t\t<div class=\"col-inner text-left\"  >\n\t\t\t\n\t\t\t\n<h4><span style=\"font-family: montserrat-bold;\">D\u1ecbch v\u1ee5<\/span><\/h4>\n<div class=\"row\"  id=\"row-1515642835\">\n\n\t<div id=\"col-153998665\" class=\"col small-12 large-12\"  >\n\t\t\t\t<div class=\"col-inner text-right\"  >\n\t\t\t\n\t\t\t\n\t<div id=\"text-1223899567\" class=\"text\">\n\t\t\t\t\t\t\t<li class=\"service-list-item\">\n\t\t\t\t<p>\n\t\t\t\t\t<a href= \"https:\/\/bright-capital.sg\/vi\/dich-vu\/quan-ly-tai-san\/\">\n\t\t\t\t\t\tQu\u1ea3n l\u00fd t\u00e0i s\u1ea3n\t\t\t\t\t<\/a>\n\t\t\t\t<\/p>\n\t\t\t<\/li>\n\t\t\t\t<li class=\"service-list-item\">\n\t\t\t\t<p>\n\t\t\t\t\t<a href= \"https:\/\/bright-capital.sg\/vi\/dich-vu\/thanh-lap-cong-ty\/\">\n\t\t\t\t\t\tTh\u00e0nh l\u1eadp c\u00f4ng ty\t\t\t\t\t<\/a>\n\t\t\t\t<\/p>\n\t\t\t<\/li>\n\t\t\t\t<li class=\"service-list-item\">\n\t\t\t\t<p>\n\t\t\t\t\t<a href= \"https:\/\/bright-capital.sg\/vi\/?page_id=2573\">\n\t\t\t\t\t\tT\u01b0 v\u1ea5n chi\u1ebfn l\u01b0\u1ee3c v\u00e0 qu\u1ea3n l\u00fd\t\t\t\t\t<\/a>\n\t\t\t\t<\/p>\n\t\t\t<\/li>\n\t\t\t\t<li class=\"service-list-item\">\n\t\t\t\t<p>\n\t\t\t\t\t<a href= \"https:\/\/bright-capital.sg\/vi\/?page_id=2576\">\n\t\t\t\t\t\tT\u01b0 v\u1ea5n chi\u1ebfn l\u01b0\u1ee3c M&#038;A\t\t\t\t\t<\/a>\n\t\t\t\t<\/p>\n\t\t\t<\/li>\n\t\t\t\t<li class=\"service-list-item\">\n\t\t\t\t<p>\n\t\t\t\t\t<a href= \"https:\/\/bright-capital.sg\/vi\/dich-vu\/private-equity\/\">\n\t\t\t\t\t\tPrivate Equity\t\t\t\t\t<\/a>\n\t\t\t\t<\/p>\n\t\t\t<\/li>\n\t\t\t\t<li class=\"service-list-item\">\n\t\t\t\t<p>\n\t\t\t\t\t<a href= \"https:\/\/bright-capital.sg\/vi\/dich-vu\/startup-accelerator\/\">\n\t\t\t\t\t\tStartup Accelerator\t\t\t\t\t<\/a>\n\t\t\t\t<\/p>\n\t\t\t<\/li>\n\t\n\n\t\t\n<style>\n#text-1223899567 {\n  text-align: left;\n}\n<\/style>\n\t<\/div>\n\t\n\t\t<\/div>\n\t\t\t\t\t<\/div>\n\n\t\n<\/div>\n\t\t<\/div>\n\t\t\t\t\t<\/div>\n\n\t\n<\/div>\n\t\t<\/div>\n\t\t\t\t\t<\/div>\n\n\t\n<\/div>\n\t\t<\/div>\n\n\t\t\n<style>\n#section_1212848742 {\n  padding-top: 30px;\n  padding-bottom: 30px;\n}\n<\/style>\n\t<\/section>\n\t\n\t<section class=\"section\" id=\"section_596323253\">\n\t\t<div class=\"bg section-bg fill bg-fill\" >\n\n\t\t\t\n\t\t\t\n\t\t\t\n\n\t\t<\/div>\n\n\t\t\n\n\t\t<div class=\"section-content relative\">\n\t\t\t\n<div class=\"row\"  id=\"row-1167001945\">\n\n\t<div id=\"col-223292408\" class=\"col small-12 large-12\"  >\n\t\t\t\t<div class=\"col-inner\"  >\n\t\t\t\n\t\t\t\n<div class=\"row row-collapse align-middle align-center\"  id=\"row-280595048\">\n\n\t<div id=\"col-1686175105\" class=\"col medium-3 small-5 large-3\"  >\n\t\t\t\t<div class=\"col-inner text-center\"  >\n\t\t\t\n\t\t\t\n\t<div class=\"img has-hover x md-x lg-x y md-y lg-y\" id=\"image_1621992993\">\n\t\t\t\t\t\t\t\t<div class=\"img-inner dark\" >\n\t\t\t<img loading=\"lazy\" decoding=\"async\" width=\"225\" height=\"60\" src=\"https:\/\/bright-capital.sg\/wp-content\/uploads\/2024\/05\/9c0e01_728ee745528a474eb02f8398b8c260cdmv2.webp\" class=\"attachment-large size-large\" alt=\"\" \/>\t\t\t\t\t\t\n\t\t\t\t\t<\/div>\n\t\t\t\t\t\t\t\t\n<style>\n#image_1621992993 {\n  width: 90%;\n}\n<\/style>\n\t<\/div>\n\t\n\t\t<\/div>\n\t\t\t\t\t<\/div>\n\n\t\n\n\t<div id=\"col-954072970\" class=\"col medium-6 small-7 large-4\"  >\n\t\t\t\t<div class=\"col-inner\"  >\n\t\t\t\n\t\t\t\n\t<div id=\"text-2188410819\" class=\"text\">\n\t\t\n<p><span style=\"font-family: montserrat; color: #ffffff;\">gi\u1edbi thi\u1ec7u s\u1ea3n ph\u1ea9m<\/span><\/p>\n\t\t\n<style>\n#text-2188410819 {\n  font-size: 1.6rem;\n  line-height: 1.1;\n  text-align: left;\n  color: rgb(255, 255, 255);\n}\n#text-2188410819 > * {\n  color: rgb(255, 255, 255);\n}\n@media (min-width:550px) {\n  #text-2188410819 {\n    font-size: 1.7rem;\n    text-align: left;\n  }\n}\n<\/style>\n\t<\/div>\n\t\n\t\t<\/div>\n\t\t\t\t\n<style>\n#col-954072970 > .col-inner {\n  padding: 30px 0px 0px 0px;\n}\n<\/style>\n\t<\/div>\n\n\t\n<\/div>\n\t<div id=\"text-1811986528\" class=\"text\">\n\t\t\n<p><span style=\"font-family: montserrat; font-size: 100%; color: #ffffff;\">N\u1ec1n t\u1ea3ng k\u1ebft n\u1ed1i c\u00e1c ngu\u1ed3n l\u1ef1c c\u1ed9ng \u0111\u1ed3ng v\u00e0 nu\u00f4i d\u01b0\u1ee1ng Startup t\u1ea1i Vi\u1ec7t Nam.<\/span><br \/>\n\t\t\n<style>\n#text-1811986528 {\n  text-align: center;\n}\n<\/style>\n\t<\/div>\n\t\n<div class=\"row row-collapse\"  id=\"row-1433122341\">\n\n\t<div id=\"col-1854529601\" class=\"col hide-for-small medium-1 small-12 large-1\"  >\n\t\t\t\t<div class=\"col-inner\"  >\n\t\t\t\n\t\t\t\n\t\t<\/div>\n\t\t\t\t\t<\/div>\n\n\t\n\n\t<div id=\"col-123676650\" class=\"col medium-12 small-12 large-10\"  >\n\t\t\t\t<div class=\"col-inner text-center\"  >\n\t\t\t\n\t\t\t\n<div class=\"row\"  id=\"row-130666433\">\n\n\t<div id=\"col-1044816867\" class=\"col start-up-hq medium-11 small-12 large-9\"  >\n\t\t\t\t<div class=\"col-inner\"  >\n\t\t\t\n\t\t\t\n<div class=\"row row-small\"  id=\"row-1183171561\">\n\n\t<div id=\"col-558485240\" class=\"col start-up-hq-item medium-4 small-12 large-4\"  >\n\t\t\t\t<div class=\"col-inner text-left\" style=\"background-color:rgb(255, 165, 6);\" >\n\t\t\t\n\t\t\t\n\n\t\t<div class=\"icon-box featured-box icon-box-top text-left\"  >\n\t\t\t\t<div class=\"icon-box-text last-reset\">\n\t\t\t\t\t\t\t\t\t\n<h5><span class=\"s1\" style=\"font-family: montserrat-bold; color: #282828;\">Startups<\/span><\/h5>\n<p class=\"p1\"><span style=\"font-family: montserrat; color: #282828;\">k\u1ebft n\u1ed1i v\u1edbi c\u00e1c ngu\u1ed3n l\u1ef1c trong c\u1ed9ng \u0111\u1ed3ng kh\u1edfi nghi\u1ec7p, v\u00e0 nh\u1eadn s\u1ef1 h\u1ed7 tr\u1ee3 to\u00e0n di\u1ec7n t\u1eeb qu\u00e1 tr\u00ecnh ph\u00e1t tri\u1ec3n \u00fd t\u01b0\u1edfng \u0111\u1ebfn th\u01b0\u01a1ng m\u1ea1i h\u00f3a s\u1ea3n ph\u1ea9m.<\/span><\/p>\n\t\t<\/div>\n\t<\/div>\n\t\n\t\n\t<div id=\"gap-394790486\" class=\"gap-element clearfix\" style=\"display:block; height:auto;\">\n\t\t\n<style>\n#gap-394790486 {\n  padding-top: 30px;\n}\n<\/style>\n\t<\/div>\n\t\n\t\t<\/div>\n\t\t\t\t\n<style>\n#col-558485240 > .col-inner {\n  padding: 20px 10px 10px 10px;\n  border-radius: 30px;\n}\n<\/style>\n\t<\/div>\n\n\t\n\n\t<div id=\"col-342116444\" class=\"col start-up-hq-item medium-4 small-12 large-4\"  >\n\t\t\t\t<div class=\"col-inner text-left\" style=\"background-color:rgb(237, 64, 109);\" >\n\t\t\t\n\t\t\t\n\n\t\t<div class=\"icon-box featured-box icon-box-top text-left\"  >\n\t\t\t\t<div class=\"icon-box-text last-reset\">\n\t\t\t\t\t\t\t\t\t\n<h5><span class=\"s1\" style=\"font-family: montserrat-bold; color: #282828;\">Nh\u00e0 \u0111\u1ea7u t\u01b0<\/span><\/h5>\n<p class=\"p1\"><span style=\"font-family: montserrat; color: #282828;\">nh\u1eadn c\u00e1c th\u00f4ng tin m\u1edbi nh\u1ea5t v\u1ec1 th\u1ecb tr\u01b0\u1eddng v\u00e0 l\u1ef1a ch\u1ecdn c\u00e1c Startup ti\u1ec1m n\u0103ng \u0111\u1ec3 \u0111\u1ea7u t\u01b0.<\/span><\/p>\n\t\t<\/div>\n\t<\/div>\n\t\n\t\n\t<div id=\"gap-1490020259\" class=\"gap-element clearfix\" style=\"display:block; height:auto;\">\n\t\t\n<style>\n#gap-1490020259 {\n  padding-top: 30px;\n}\n<\/style>\n\t<\/div>\n\t\n\t\t<\/div>\n\t\t\t\t\n<style>\n#col-342116444 > .col-inner {\n  padding: 20px 10px 10px 10px;\n  border-radius: 30px;\n}\n<\/style>\n\t<\/div>\n\n\t\n\n\t<div id=\"col-389461462\" class=\"col start-up-hq-item medium-4 small-12 large-4\"  >\n\t\t\t\t<div class=\"col-inner text-left\" style=\"background-color:rgb(102, 229, 57);\" >\n\t\t\t\n\t\t\t\n\n\t\t<div class=\"icon-box featured-box icon-box-top text-left\"  >\n\t\t\t\t<div class=\"icon-box-text last-reset\">\n\t\t\t\t\t\t\t\t\t\n<h5><span class=\"s1\" style=\"font-family: montserrat-bold; color: #282828;\">Nh\u00e0 s\u00e1ng l\u1eadp<\/span><\/h5>\n<p class=\"p1\"><span style=\"font-family: montserrat; color: #282828;\">h\u1ed7 tr\u1ee3 k\u1ebft n\u1ed1i v\u1edbi c\u00e1c nh\u00e0 s\u00e1ng l\u1eadp kh\u00e1c, x\u00e2y d\u1ef1ng \u0111\u1ed9i ng\u0169, v\u00e0 hi\u1ec7n th\u1ef1c h\u00f3a \u00fd t\u01b0\u1edfng kh\u1edfi nghi\u1ec7p.<\/span><\/p>\n\t\t<\/div>\n\t<\/div>\n\t\n\t\n\t<div id=\"gap-50550380\" class=\"gap-element clearfix\" style=\"display:block; height:auto;\">\n\t\t\n<style>\n#gap-50550380 {\n  padding-top: 30px;\n}\n<\/style>\n\t<\/div>\n\t\n\t\t<\/div>\n\t\t\t\t\n<style>\n#col-389461462 > .col-inner {\n  padding: 20px 10px 10px 10px;\n  border-radius: 30px;\n}\n<\/style>\n\t<\/div>\n\n\t\n<\/div>\n\t\t<\/div>\n\t\t\t\t\n<style>\n#col-1044816867 > .col-inner {\n  margin: 0px 0px -10px 0px;\n}\n<\/style>\n\t<\/div>\n\n\t\n<\/div>\n<a href=\"https:\/\/www.capitalhq.wholesaleinvestor.com\/\" class=\"button secondary lowercase start-up-hq-button\"  style=\"border-radius:30px;\">\n    <span>T\u00ecm hi\u1ec3u th\u00eam<\/span>\n  <\/a>\n\n\t\t<\/div>\n\t\t\t\t\n<style>\n#col-123676650 > .col-inner {\n  margin: 0px 0px -10px 0px;\n}\n<\/style>\n\t<\/div>\n\n\t\n\n\t<div id=\"col-1160625042\" class=\"col hide-for-small medium-1 small-12 large-1\"  >\n\t\t\t\t<div class=\"col-inner\"  >\n\t\t\t\n\t\t\t\n\t\t<\/div>\n\t\t\t\t\t<\/div>\n\n\t\n<\/div>\n\t\t<\/div>\n\t\t\t\t\n<style>\n#col-223292408 > .col-inner {\n  margin: 0px 0px -20px 0px;\n}\n<\/style>\n\t<\/div>\n\n\t\n<\/div>\n\t\t<\/div>\n\n\t\t\n<style>\n#section_596323253 {\n  padding-top: 30px;\n  padding-bottom: 30px;\n  background-color: rgb(8, 27, 50);\n}\n#section_596323253 .section-bg.bg-loaded {\n  background-image: url(https:\/\/bright-capital.sg\/wp-content\/uploads\/2024\/05\/c-hq-1@3x.png);\n}\n<\/style>\n\t<\/section>","protected":false},"excerpt":{"rendered":"","protected":false},"author":1,"featured_media":0,"parent":2570,"menu_order":0,"comment_status":"closed","ping_status":"closed","template":"page-blank.php","meta":{"_acf_changed":false,"footnotes":""},"class_list":["post-2584","page","type-page","status-publish","hentry"],"acf":[],"jetpack_sharing_enabled":true,"_links":{"self":[{"href":"https:\/\/bright-capital.sg\/vi\/wp-json\/wp\/v2\/pages\/2584","targetHints":{"allow":["GET"]}}],"collection":[{"href":"https:\/\/bright-capital.sg\/vi\/wp-json\/wp\/v2\/pages"}],"about":[{"href":"https:\/\/bright-capital.sg\/vi\/wp-json\/wp\/v2\/types\/page"}],"author":[{"embeddable":true,"href":"https:\/\/bright-capital.sg\/vi\/wp-json\/wp\/v2\/users\/1"}],"replies":[{"embeddable":true,"href":"https:\/\/bright-capital.sg\/vi\/wp-json\/wp\/v2\/comments?post=2584"}],"version-history":[{"count":5,"href":"https:\/\/bright-capital.sg\/vi\/wp-json\/wp\/v2\/pages\/2584\/revisions"}],"predecessor-version":[{"id":2603,"href":"https:\/\/bright-capital.sg\/vi\/wp-json\/wp\/v2\/pages\/2584\/revisions\/2603"}],"up":[{"embeddable":true,"href":"https:\/\/bright-capital.sg\/vi\/wp-json\/wp\/v2\/pages\/2570"}],"wp:attachment":[{"href":"https:\/\/bright-capital.sg\/vi\/wp-json\/wp\/v2\/media?parent=2584"}],"curies":[{"name":"wp","href":"https:\/\/api.w.org\/{rel}","templated":true}]}}