{"id":2636,"date":"2024-05-31T05:23:04","date_gmt":"2024-05-31T05:23:04","guid":{"rendered":"https:\/\/bright-capital.sg\/?page_id=2636"},"modified":"2024-05-31T10:23:56","modified_gmt":"2024-05-31T10:23:56","slug":"tin-tuc","status":"publish","type":"page","link":"https:\/\/bright-capital.sg\/vi\/tin-tuc\/","title":{"rendered":"Tin t\u1ee9c"},"content":{"rendered":"<section class=\"section\" id=\"section_284128986\">\n\t\t<div class=\"bg section-bg fill bg-fill\" >\n\n\t\t\t\n\t\t\t\n\t\t\t\n\n\t\t<\/div>\n\n\t\t\n\n\t\t<div class=\"section-content relative\">\n\t\t\t\n<div class=\"row\"  id=\"row-32049795\">\n\n\t<div id=\"col-389202621\" class=\"col small-12 large-12\"  >\n\t\t\t\t<div class=\"col-inner\"  >\n\t\t\t\n\t\t\t\n<div class=\"row row-collapse row-full-width\"  id=\"row-765025614\">\n\n\t<div id=\"col-1733661331\" class=\"col medium-10 small-12 large-12\"  >\n\t\t\t\t<div class=\"col-inner\"  >\n\t\t\t\n\t\t\t\n<h3><span style=\"font-family: montserrat-bold; font-size: 90%; color: #ffffff;\">Tin t\u1ee9c<\/span><\/h3>\n\t<div id=\"text-459965193\" class=\"text\">\n\t\t\n\t\t\n<style>\n#text-459965193 {\n  line-height: 0.75;\n  color: rgb(255, 255, 255);\n}\n#text-459965193 > * {\n  color: rgb(255, 255, 255);\n}\n<\/style>\n\t<\/div>\n\t\n<div class=\"is-divider divider clearfix\" style=\"margin-top:0px;margin-bottom:0px;max-width:8%;background-color:rgb(255, 130, 0);\"><\/div>\n\t<div id=\"gap-1050071376\" class=\"gap-element clearfix\" style=\"display:block; height:auto;\">\n\t\t\n<style>\n#gap-1050071376 {\n  padding-top: 30px;\n}\n<\/style>\n\t<\/div>\n\t\n\t<div id=\"text-3374329516\" class=\"text\">\n\t\t\n<h3><span style=\"font-family: montserrat-bold; font-size: 140%;\">\u0110\u0103ng k\u00fd \u0111\u1ec3 \u0111\u00f3n \u0111\u1ea7u c\u00e1c xu h\u01b0\u1edbng \u0111\u1ea7u t\u01b0 m\u1edbi nh\u1ea5t<\/span><\/h3>\n\t\t\n<style>\n#text-3374329516 {\n  color: rgb(255, 255, 255);\n}\n#text-3374329516 > * {\n  color: rgb(255, 255, 255);\n}\n<\/style>\n\t<\/div>\n\t\n<div class=\"wpforms-container wpforms-container-full wpforms-render-modern\" id=\"wpforms-2178\"><form id=\"wpforms-form-2178\" class=\"wpforms-validate wpforms-form wpforms-ajax-form\" data-formid=\"2178\" method=\"post\" enctype=\"multipart\/form-data\" action=\"\/vi\/wp-json\/wp\/v2\/pages\/2636\" data-token=\"83abfe35ed6338a40288405faa3eb8c9\" data-trp-original-action=\"\/vi\/wp-json\/wp\/v2\/pages\/2636\"><noscript class=\"wpforms-error-noscript\">Vui l\u00f2ng b\u1eadt JavaScript trong tr\u00ecnh duy\u1ec7t c\u1ee7a b\u1ea1n \u0111\u1ec3 ho\u00e0n th\u00e0nh Form n\u00e0y.<\/noscript><div class=\"wpforms-hidden\" id=\"wpforms-error-noscript\">Vui l\u00f2ng b\u1eadt JavaScript trong tr\u00ecnh duy\u1ec7t c\u1ee7a b\u1ea1n \u0111\u1ec3 ho\u00e0n th\u00e0nh Form n\u00e0y.<\/div><div class=\"wpforms-field-container\"><div id=\"wpforms-2178-field_5-container\" class=\"wpforms-field wpforms-field-layout\" data-field-id=\"5\"><label class=\"wpforms-field-label wpforms-label-hide\" for=\"wpforms-2178-field_5\" aria-hidden=\"false\">Layout<\/label><div class=\"wpforms-field-layout-columns wpforms-field-layout-preset-50-50\"><div class=\"wpforms-layout-column wpforms-layout-column-50\"><div id=\"wpforms-2178-field_4-container\" class=\"wpforms-field wpforms-field-text\" data-field-id=\"4\"><label class=\"wpforms-field-label wpforms-label-hide\" for=\"wpforms-2178-field_4\" aria-hidden=\"false\">T\u00ean c\u1ee7a b\u1ea1n <span class=\"wpforms-required-label\" aria-hidden=\"true\">*<\/span><\/label><input type=\"text\" id=\"wpforms-2178-field_4\" class=\"wpforms-field-medium wpforms-field-required\" name=\"wpforms[fields][4]\" placeholder=\"T\u00ean c\u1ee7a b\u1ea1n\" aria-errormessage=\"wpforms-2178-field_4-error\" required><\/div><\/div><div class=\"wpforms-layout-column wpforms-layout-column-50\"><div id=\"wpforms-2178-field_3-container\" class=\"wpforms-field wpforms-field-email\" data-field-id=\"3\"><label class=\"wpforms-field-label wpforms-label-hide\" for=\"wpforms-2178-field_3\" aria-hidden=\"false\">Email <span class=\"wpforms-required-label\" aria-hidden=\"true\">*<\/span><\/label><input type=\"email\" id=\"wpforms-2178-field_3\" class=\"wpforms-field-medium wpforms-field-required\" name=\"wpforms[fields][3]\" placeholder=\"Email\" spellcheck=\"false\" aria-errormessage=\"wpforms-2178-field_3-error\" required><\/div><\/div><\/div><\/div><\/div><!-- .wpforms-field-container --><div class=\"wpforms-submit-container\" ><input type=\"hidden\" name=\"wpforms[id]\" value=\"2178\"><input type=\"hidden\" name=\"wpforms[author]\" value=\"1\"><button type=\"submit\" name=\"wpforms[submit]\" id=\"wpforms-submit-2178\" class=\"wpforms-submit\" data-alt-text=\"Sending...\" data-submit-text=\"Subscribe\" aria-live=\"assertive\" value=\"wpforms-submit\">\u0110\u0103ng k\u00fd<\/button><img loading=\"lazy\" decoding=\"async\" src=\"https:\/\/bright-capital.sg\/wp-content\/plugins\/wpforms\/assets\/images\/submit-spin.svg\" class=\"wpforms-submit-spinner\" style=\"display: none;\" width=\"26\" height=\"26\" alt=\"\u0110ang t\u1ea3i\"><\/div><input type=\"hidden\" name=\"trp-form-language\" value=\"vi\"\/><\/form><\/div>  <!-- .wpforms-container -->\n\t\t<\/div>\n\t\t\t\t\t<\/div>\n\n\t\n<\/div>\n\t\t<\/div>\n\t\t\t\t\t<\/div>\n\n\t\n<\/div>\n\t\t<\/div>\n\n\t\t\n<style>\n#section_284128986 {\n  padding-top: 30px;\n  padding-bottom: 30px;\n  background-color: rgb(245, 245, 245);\n}\n#section_284128986 .section-bg.bg-loaded {\n  background-image: url(https:\/\/bright-capital.sg\/wp-content\/uploads\/2024\/05\/bg-news-1@3x.png);\n}\n<\/style>\n\t<\/section>\n\t\n\t<section class=\"section\" id=\"section_1726035978\">\n\t\t<div class=\"bg section-bg fill bg-fill  bg-loaded\" >\n\n\t\t\t\n\t\t\t<div class=\"loading-spin centered\"><\/div>\n\t\t\t\n\n\t\t<\/div>\n\n\t\t\n\n\t\t<div class=\"section-content relative\">\n\t\t\t\n<div class=\"row row-small\"  id=\"row-1195386852\">\n\n\t<div id=\"col-1571271353\" class=\"col medium-12 small-12 large-9\"  >\n\t\t\t\t<div class=\"col-inner\"  >\n\t\t\t\n\t\t\t\n\t\t<div id=\"ux-relay-4033459744\" class=\"ux-relay ux-relay--pagination\" data-flatsome-relay=\"{&quot;postType&quot;:&quot;post&quot;,&quot;tag&quot;:&quot;blog_posts&quot;,&quot;atts&quot;:{&quot;style&quot;:&quot;normal&quot;,&quot;type&quot;:&quot;masonry&quot;,&quot;width&quot;:&quot;full-width&quot;,&quot;columns&quot;:&quot;1&quot;,&quot;columns__md&quot;:&quot;1&quot;,&quot;relay&quot;:&quot;pagination&quot;,&quot;posts&quot;:&quot;3&quot;,&quot;readmore&quot;:&quot;Continue Reading&quot;,&quot;readmore_color&quot;:&quot;secondary&quot;,&quot;show_date&quot;:&quot;text&quot;,&quot;excerpt&quot;:&quot;false&quot;,&quot;excerpt_length&quot;:&quot;50&quot;,&quot;show_category&quot;:&quot;text&quot;,&quot;comments&quot;:&quot;false&quot;,&quot;image_height&quot;:&quot;56.25%&quot;},&quot;currentPage&quot;:&quot;1&quot;,&quot;totalPages&quot;:2,&quot;totalPosts&quot;:5,&quot;postCount&quot;:3}\" >\n\t\t\n  \n    <div id=\"row-363765791\" class=\"row large-columns-1 medium-columns-1 small-columns-1 row-full-width row-masonry\" data-packery-options='{\"itemSelector\": \".col\", \"gutter\": 0, \"presentageWidth\" : true}'>\n\n  <div class=\"col post-item\" >\n\t\t\t<div class=\"col-inner\">\n\t\t\t\t<div class=\"box box-normal box-text-bottom box-blog-post has-hover\">\n          \t\t\t\t\t<div class=\"box-text text-center\" >\n\t\t\t\t\t<div class=\"box-text-inner blog-post-inner\">\n\n\t\t\t\t\t\n\t\t\t\t\t\t\t\t\t\t\t<p class=\"cat-label  is-xxsmall op-7 uppercase\">\n\t\t\t\t\tUncategorized \t\t\t\t\t<\/p>\n\t\t\t\t\t\t\t\t\t\t<h5 class=\"post-title is-large\">\n\t\t\t\t\t\t<a href=\"https:\/\/bright-capital.sg\/vi\/2025\/04\/10\/tong-thong-donald-trump-va-thue-doi-ung-nhung-dieu-nha-dau-tu-can-biet\/\" class=\"plain\">T\u1ed4NG TH\u1ed0NG DONALD TRUMP V\u00c0 THU\u1ebe \u0110\u1ed0I \u1ee8NG &#8211; NH\u1eeeNG \u0110I\u1ec0U NH\u00c0 \u0110\u1ea6U T\u01af C\u1ea6N BI\u1ebeT.<\/a>\n\t\t\t\t\t<\/h5>\n\t\t\t\t\t<div class=\"post-meta is-small op-8\">Th\u00e1ng 4 10, 2025<\/div>\t\t\t\t\t<div class=\"is-divider\"><\/div>\n\t\t\t\t\t                    \n\t\t\t\t\t\t\t\t\t\t\t<a href=\"https:\/\/bright-capital.sg\/vi\/2025\/04\/10\/tong-thong-donald-trump-va-thue-doi-ung-nhung-dieu-nha-dau-tu-can-biet\/\" class=\"button secondary is-outline is-small mb-0\">\n\t\t\t\t\t\t\tXem th\u00eam\t\t\t\t\t\t<\/a>\n\t\t\t\t\t\n\t\t\t\t\t\n\t\t\t\t\t<\/div>\n\t\t\t\t\t<\/div>\n\t\t\t\t\t\t\t\t\t<\/div>\n\t\t\t<\/div>\n\t\t<\/div><div class=\"col post-item\" >\n\t\t\t<div class=\"col-inner\">\n\t\t\t\t<div class=\"box box-normal box-text-bottom box-blog-post has-hover\">\n          \t\t\t\t\t<div class=\"box-text text-center\" >\n\t\t\t\t\t<div class=\"box-text-inner blog-post-inner\">\n\n\t\t\t\t\t\n\t\t\t\t\t\t\t\t\t\t\t<p class=\"cat-label  is-xxsmall op-7 uppercase\">\n\t\t\t\t\tUncategorized \t\t\t\t\t<\/p>\n\t\t\t\t\t\t\t\t\t\t<h5 class=\"post-title is-large\">\n\t\t\t\t\t\t<a href=\"https:\/\/bright-capital.sg\/vi\/2025\/02\/26\/cap-nhat-moi-nhat-ve-visa-doi-moi-quoc-gia-national-innovation-visa-858\/\" class=\"plain\">C\u1eacP NH\u1eacT M\u1edaI NH\u1ea4T V\u1ec0 VISA \u0110\u1ed4I M\u1edaI QU\u1ed0C GIA &#8211; NATIONAL INNOVATION VISA 858<\/a>\n\t\t\t\t\t<\/h5>\n\t\t\t\t\t<div class=\"post-meta is-small op-8\">Th\u00e1ng 2 26, 2025<\/div>\t\t\t\t\t<div class=\"is-divider\"><\/div>\n\t\t\t\t\t                    \n\t\t\t\t\t\t\t\t\t\t\t<a href=\"https:\/\/bright-capital.sg\/vi\/2025\/02\/26\/cap-nhat-moi-nhat-ve-visa-doi-moi-quoc-gia-national-innovation-visa-858\/\" class=\"button secondary is-outline is-small mb-0\">\n\t\t\t\t\t\t\tXem th\u00eam\t\t\t\t\t\t<\/a>\n\t\t\t\t\t\n\t\t\t\t\t\n\t\t\t\t\t<\/div>\n\t\t\t\t\t<\/div>\n\t\t\t\t\t\t\t\t\t<\/div>\n\t\t\t<\/div>\n\t\t<\/div><div class=\"col post-item\" >\n\t\t\t<div class=\"col-inner\">\n\t\t\t\t<div class=\"box box-normal box-text-bottom box-blog-post has-hover\">\n          \t\t\t\t\t<div class=\"box-text text-center\" >\n\t\t\t\t\t<div class=\"box-text-inner blog-post-inner\">\n\n\t\t\t\t\t\n\t\t\t\t\t\t\t\t\t\t\t<p class=\"cat-label  is-xxsmall op-7 uppercase\">\n\t\t\t\t\tUncategorized \t\t\t\t\t<\/p>\n\t\t\t\t\t\t\t\t\t\t<h5 class=\"post-title is-large\">\n\t\t\t\t\t\t<a href=\"https:\/\/bright-capital.sg\/vi\/2024\/06\/17\/australian-residential-real-estate-market-overview\/\" class=\"plain\">Australian Residential Real Estate Market Overview<\/a>\n\t\t\t\t\t<\/h5>\n\t\t\t\t\t<div class=\"post-meta is-small op-8\">Th\u00e1ng 6 17, 2024<\/div>\t\t\t\t\t<div class=\"is-divider\"><\/div>\n\t\t\t\t\t                    \n\t\t\t\t\t\t\t\t\t\t\t<a href=\"https:\/\/bright-capital.sg\/vi\/2024\/06\/17\/australian-residential-real-estate-market-overview\/\" class=\"button secondary is-outline is-small mb-0\">\n\t\t\t\t\t\t\tXem th\u00eam\t\t\t\t\t\t<\/a>\n\t\t\t\t\t\n\t\t\t\t\t\n\t\t\t\t\t<\/div>\n\t\t\t\t\t<\/div>\n\t\t\t\t\t\t\t\t\t<\/div>\n\t\t\t<\/div>\n\t\t<\/div><\/div>\t\t<div class=\"ux-relay__control ux-relay__control--bottom container pb-half text-center\">\n\t\t\t<ul class=\"ux-relay__pagination page-numbers nav-pagination links\"><li><span aria-current=\"page\" class=\"page-number current\">1<\/span><\/li><li><a class=\"page-number\" href=\"#\/page\/2\">2<\/a><\/li><li><a class=\"next page-number\" href=\"#\/page\/2\"><i class=\"icon-angle-right\" ><\/i><\/a><\/li><\/ul>\t\t<\/div>\n\t\t\t\t<\/div>\n\t\t\n\t\t<\/div>\n\t\t\t\t\t<\/div>\n\n\t\n\n\t<div id=\"col-268931940\" class=\"col medium-6 small-12 large-3\"  >\n\t\t\t\t<div class=\"col-inner\"  >\n\t\t\t\n\t\t\t\n<ul class=\"sidebar-wrapper ul-reset\"><aside id=\"categories-8\" class=\"widget widget_categories\"><span class=\"widget-title\"><span>CATEGORY<\/span><\/span><div class=\"is-divider small\"><\/div>\n\t\t\t<ul>\n\t\t\t\t\t<li class=\"cat-item cat-item-1\"><a href=\"https:\/\/bright-capital.sg\/vi\/category\/uncategorized\/\">Uncategorized<\/a> (5)\n<\/li>\n\t\t\t<\/ul>\n\n\t\t\t<\/aside>\t\t<aside id=\"flatsome_recent_posts-19\" class=\"widget flatsome_recent_posts\">\t\t<span class=\"widget-title\"><span>News &#038; Insights<\/span><\/span><div class=\"is-divider small\"><\/div>\t\t<ul>\t\t\n\t\t\n\t\t<li class=\"recent-blog-posts-li\">\n\t\t\t<div class=\"flex-row recent-blog-posts align-top pt-half pb-half\">\n\t\t\t\t<div class=\"flex-col mr-half\">\n\t\t\t\t\t<div class=\"badge post-date badge-small badge-outline\">\n\t\t\t\t\t\t\t<div class=\"badge-inner bg-fill\" >\n                                \t\t\t\t\t\t\t\t<span class=\"post-date-day\">10<\/span><br>\n\t\t\t\t\t\t\t\t<span class=\"post-date-month is-xsmall\">Th4<\/span>\n                                \t\t\t\t\t\t\t<\/div>\n\t\t\t\t\t<\/div>\n\t\t\t\t<\/div>\n\t\t\t\t<div class=\"flex-col flex-grow\">\n\t\t\t\t\t  <a href=\"https:\/\/bright-capital.sg\/vi\/2025\/04\/10\/tong-thong-donald-trump-va-thue-doi-ung-nhung-dieu-nha-dau-tu-can-biet\/\" title=\"T\u1ed4NG TH\u1ed0NG DONALD TRUMP V\u00c0 THU\u1ebe \u0110\u1ed0I \u1ee8NG &#8211; NH\u1eeeNG \u0110I\u1ec0U NH\u00c0 \u0110\u1ea6U T\u01af C\u1ea6N BI\u1ebeT.\">T\u1ed4NG TH\u1ed0NG DONALD TRUMP V\u00c0 THU\u1ebe \u0110\u1ed0I \u1ee8NG &#8211; NH\u1eeeNG \u0110I\u1ec0U NH\u00c0 \u0110\u1ea6U T\u01af C\u1ea6N BI\u1ebeT.<\/a>\n\t\t\t\t   \t  <span class=\"post_comments op-7 block is-xsmall\"><a href=\"https:\/\/bright-capital.sg\/vi\/2025\/04\/10\/tong-thong-donald-trump-va-thue-doi-ung-nhung-dieu-nha-dau-tu-can-biet\/#respond\"><\/a><\/span>\n\t\t\t\t<\/div>\n\t\t\t<\/div>\n\t\t<\/li>\n\t\t\n\t\t\n\t\t<li class=\"recent-blog-posts-li\">\n\t\t\t<div class=\"flex-row recent-blog-posts align-top pt-half pb-half\">\n\t\t\t\t<div class=\"flex-col mr-half\">\n\t\t\t\t\t<div class=\"badge post-date badge-small badge-outline\">\n\t\t\t\t\t\t\t<div class=\"badge-inner bg-fill\" >\n                                \t\t\t\t\t\t\t\t<span class=\"post-date-day\">26<\/span><br>\n\t\t\t\t\t\t\t\t<span class=\"post-date-month is-xsmall\">Th2<\/span>\n                                \t\t\t\t\t\t\t<\/div>\n\t\t\t\t\t<\/div>\n\t\t\t\t<\/div>\n\t\t\t\t<div class=\"flex-col flex-grow\">\n\t\t\t\t\t  <a href=\"https:\/\/bright-capital.sg\/vi\/2025\/02\/26\/cap-nhat-moi-nhat-ve-visa-doi-moi-quoc-gia-national-innovation-visa-858\/\" title=\"C\u1eacP NH\u1eacT M\u1edaI NH\u1ea4T V\u1ec0 VISA \u0110\u1ed4I M\u1edaI QU\u1ed0C GIA &#8211; NATIONAL INNOVATION VISA 858\">C\u1eacP NH\u1eacT M\u1edaI NH\u1ea4T V\u1ec0 VISA \u0110\u1ed4I M\u1edaI QU\u1ed0C GIA &#8211; NATIONAL INNOVATION VISA 858<\/a>\n\t\t\t\t   \t  <span class=\"post_comments op-7 block is-xsmall\"><a href=\"https:\/\/bright-capital.sg\/vi\/2025\/02\/26\/cap-nhat-moi-nhat-ve-visa-doi-moi-quoc-gia-national-innovation-visa-858\/#respond\"><\/a><\/span>\n\t\t\t\t<\/div>\n\t\t\t<\/div>\n\t\t<\/li>\n\t\t\n\t\t\n\t\t<li class=\"recent-blog-posts-li\">\n\t\t\t<div class=\"flex-row recent-blog-posts align-top pt-half pb-half\">\n\t\t\t\t<div class=\"flex-col mr-half\">\n\t\t\t\t\t<div class=\"badge post-date badge-small badge-outline\">\n\t\t\t\t\t\t\t<div class=\"badge-inner bg-fill\" >\n                                \t\t\t\t\t\t\t\t<span class=\"post-date-day\">17<\/span><br>\n\t\t\t\t\t\t\t\t<span class=\"post-date-month is-xsmall\">Th6<\/span>\n                                \t\t\t\t\t\t\t<\/div>\n\t\t\t\t\t<\/div>\n\t\t\t\t<\/div>\n\t\t\t\t<div class=\"flex-col flex-grow\">\n\t\t\t\t\t  <a href=\"https:\/\/bright-capital.sg\/vi\/2024\/06\/17\/australian-residential-real-estate-market-overview\/\" title=\"Australian Residential Real Estate Market Overview\">Australian Residential Real Estate Market Overview<\/a>\n\t\t\t\t   \t  <span class=\"post_comments op-7 block is-xsmall\"><a href=\"https:\/\/bright-capital.sg\/vi\/2024\/06\/17\/australian-residential-real-estate-market-overview\/#respond\"><\/a><\/span>\n\t\t\t\t<\/div>\n\t\t\t<\/div>\n\t\t<\/li>\n\t\t\n\t\t\n\t\t<li class=\"recent-blog-posts-li\">\n\t\t\t<div class=\"flex-row recent-blog-posts align-top pt-half pb-half\">\n\t\t\t\t<div class=\"flex-col mr-half\">\n\t\t\t\t\t<div class=\"badge post-date badge-small badge-outline\">\n\t\t\t\t\t\t\t<div class=\"badge-inner bg-fill\" >\n                                \t\t\t\t\t\t\t\t<span class=\"post-date-day\">17<\/span><br>\n\t\t\t\t\t\t\t\t<span class=\"post-date-month is-xsmall\">Th6<\/span>\n                                \t\t\t\t\t\t\t<\/div>\n\t\t\t\t\t<\/div>\n\t\t\t\t<\/div>\n\t\t\t\t<div class=\"flex-col flex-grow\">\n\t\t\t\t\t  <a href=\"https:\/\/bright-capital.sg\/vi\/2024\/06\/17\/2799\/\" title=\"Plastic Recycling Technology Towards the Circular Economy\u00a0\">Plastic Recycling Technology Towards the Circular Economy\u00a0<\/a>\n\t\t\t\t   \t  <span class=\"post_comments op-7 block is-xsmall\"><a href=\"https:\/\/bright-capital.sg\/vi\/2024\/06\/17\/2799\/#respond\"><\/a><\/span>\n\t\t\t\t<\/div>\n\t\t\t<\/div>\n\t\t<\/li>\n\t\t\n\t\t\n\t\t<li class=\"recent-blog-posts-li\">\n\t\t\t<div class=\"flex-row recent-blog-posts align-top pt-half pb-half\">\n\t\t\t\t<div class=\"flex-col mr-half\">\n\t\t\t\t\t<div class=\"badge post-date badge-small badge-outline\">\n\t\t\t\t\t\t\t<div class=\"badge-inner bg-fill\" >\n                                \t\t\t\t\t\t\t\t<span class=\"post-date-day\">05<\/span><br>\n\t\t\t\t\t\t\t\t<span class=\"post-date-month is-xsmall\">Th6<\/span>\n                                \t\t\t\t\t\t\t<\/div>\n\t\t\t\t\t<\/div>\n\t\t\t\t<\/div>\n\t\t\t\t<div class=\"flex-col flex-grow\">\n\t\t\t\t\t  <a href=\"https:\/\/bright-capital.sg\/vi\/2024\/06\/05\/a-guide-on-singapore-taxation-system\/\" title=\"A Guide on Singapore Taxation System\">A Guide on Singapore Taxation System<\/a>\n\t\t\t\t   \t  <span class=\"post_comments op-7 block is-xsmall\"><a href=\"https:\/\/bright-capital.sg\/vi\/2024\/06\/05\/a-guide-on-singapore-taxation-system\/#respond\"><\/a><\/span>\n\t\t\t\t<\/div>\n\t\t\t<\/div>\n\t\t<\/li>\n\t\t\t\t<\/ul>\t\t<\/aside><aside id=\"search-5\" class=\"widget widget_search\"><form method=\"get\" class=\"searchform\" action=\"https:\/\/bright-capital.sg\/vi\/\" role=\"search\" data-trp-original-action=\"https:\/\/bright-capital.sg\/vi\/\">\n\t\t<div class=\"flex-row relative\">\n\t\t\t<div class=\"flex-col flex-grow\">\n\t   \t   <input type=\"search\" class=\"search-field mb-0\" name=\"s\" value=\"\" id=\"s\" placeholder=\"T\u00ecm ki\u1ebfm\u2026\" data-no-translation-placeholder=\"\" \/>\n\t\t\t<\/div>\n\t\t\t<div class=\"flex-col\">\n\t\t\t\t<button type=\"submit\" class=\"ux-search-submit submit-button secondary button icon mb-0\" aria-label=\"N\u1ed9p\">\n\t\t\t\t\t<i class=\"icon-search\" ><\/i>\t\t\t\t<\/button>\n\t\t\t<\/div>\n\t\t<\/div>\n    <div class=\"live-search-results text-left z-top\"><\/div>\n<input type=\"hidden\" name=\"trp-form-language\" value=\"vi\"\/><\/form>\n<\/aside><\/ul>\n\t\t<\/div>\n\t\t\t\t\t<\/div>\n\n\t\n<\/div>\n\t\t<\/div>\n\n\t\t\n<style>\n#section_1726035978 {\n  padding-top: 30px;\n  padding-bottom: 30px;\n}\n<\/style>\n\t<\/section>","protected":false},"excerpt":{"rendered":"","protected":false},"author":1,"featured_media":0,"parent":0,"menu_order":0,"comment_status":"closed","ping_status":"closed","template":"page-blank.php","meta":{"_acf_changed":false,"footnotes":""},"class_list":["post-2636","page","type-page","status-publish","hentry"],"acf":[],"jetpack_sharing_enabled":true,"_links":{"self":[{"href":"https:\/\/bright-capital.sg\/vi\/wp-json\/wp\/v2\/pages\/2636","targetHints":{"allow":["GET"]}}],"collection":[{"href":"https:\/\/bright-capital.sg\/vi\/wp-json\/wp\/v2\/pages"}],"about":[{"href":"https:\/\/bright-capital.sg\/vi\/wp-json\/wp\/v2\/types\/page"}],"author":[{"embeddable":true,"href":"https:\/\/bright-capital.sg\/vi\/wp-json\/wp\/v2\/users\/1"}],"replies":[{"embeddable":true,"href":"https:\/\/bright-capital.sg\/vi\/wp-json\/wp\/v2\/comments?post=2636"}],"version-history":[{"count":5,"href":"https:\/\/bright-capital.sg\/vi\/wp-json\/wp\/v2\/pages\/2636\/revisions"}],"predecessor-version":[{"id":2691,"href":"https:\/\/bright-capital.sg\/vi\/wp-json\/wp\/v2\/pages\/2636\/revisions\/2691"}],"wp:attachment":[{"href":"https:\/\/bright-capital.sg\/vi\/wp-json\/wp\/v2\/media?parent=2636"}],"curies":[{"name":"wp","href":"https:\/\/api.w.org\/{rel}","templated":true}]}}