{"id":2642,"date":"2024-05-31T05:27:50","date_gmt":"2024-05-31T05:27:50","guid":{"rendered":"https:\/\/bright-capital.sg\/?page_id=2642"},"modified":"2024-05-31T05:27:50","modified_gmt":"2024-05-31T05:27:50","slug":"lien-he","status":"publish","type":"page","link":"https:\/\/bright-capital.sg\/vi\/lien-he\/","title":{"rendered":"Li\u00ean h\u1ec7"},"content":{"rendered":"<section class=\"section\" id=\"section_1807248779\">\n\t\t<div class=\"bg section-bg fill bg-fill\" >\n\n\t\t\t\n\t\t\t\n\t\t\t\n\n\t\t<\/div>\n\n\t\t\n\n\t\t<div class=\"section-content relative\">\n\t\t\t\n<div class=\"row\"  id=\"row-883938461\">\n\n\t<div id=\"col-1364769097\" class=\"col small-12 large-12\"  >\n\t\t\t\t<div class=\"col-inner\"  >\n\t\t\t\n\t\t\t\n<div class=\"row row-collapse row-full-width\"  id=\"row-951322670\">\n\n\t<div id=\"col-1148071428\" class=\"col medium-9 large-9\"  >\n\t\t\t\t<div class=\"col-inner\"  >\n\t\t\t\n\t\t\t\n\t<div id=\"text-3843217837\" class=\"text\">\n\t\t\n<h4><span style=\"font-family: montserrat-bold; color: #ffffff;\">Li\u00ean h\u1ec7<\/span><\/h4>\n\t\t\n<style>\n#text-3843217837 {\n  line-height: 0.75;\n}\n<\/style>\n\t<\/div>\n\t\n<div class=\"is-divider divider clearfix\" style=\"margin-top:0px;margin-bottom:0px;max-width:8%;background-color:rgb(255, 130, 0);\"><\/div>\n\t<div id=\"gap-78321034\" class=\"gap-element clearfix\" style=\"display:block; height:auto;\">\n\t\t\n<style>\n#gap-78321034 {\n  padding-top: 200px;\n}\n<\/style>\n\t<\/div>\n\t\n\t\t<\/div>\n\t\t\t\t\t<\/div>\n\n\t\n<\/div>\n\t\t<\/div>\n\t\t\t\t\t<\/div>\n\n\t\n<\/div>\n\t\t<\/div>\n\n\t\t\n<style>\n#section_1807248779 {\n  padding-top: 30px;\n  padding-bottom: 30px;\n  background-color: rgb(245, 245, 245);\n}\n#section_1807248779 .section-bg.bg-loaded {\n  background-image: url(https:\/\/bright-capital.sg\/wp-content\/uploads\/2024\/05\/bg-contact-1@3x.png);\n}\n#section_1807248779 .section-bg {\n  background-position: 0% 100%;\n}\n<\/style>\n\t<\/section>\n\t\n\t<section class=\"section\" id=\"section_67511441\">\n\t\t<div class=\"bg section-bg fill bg-fill  bg-loaded\" >\n\n\t\t\t\n\t\t\t\n\t\t\t\n\n\t\t<\/div>\n\n\t\t\n\n\t\t<div class=\"section-content relative\">\n\t\t\t\n<div class=\"row\"  id=\"row-1157062938\">\n\n\t<div id=\"col-2064024150\" class=\"col small-12 large-12\"  >\n\t\t\t\t<div class=\"col-inner\"  >\n\t\t\t\n\t\t\t\n<div class=\"wpforms-container wpforms-container-full wpforms-render-modern\" id=\"wpforms-1273\"><form id=\"wpforms-form-1273\" class=\"wpforms-validate wpforms-form wpforms-ajax-form\" data-formid=\"1273\" method=\"post\" enctype=\"multipart\/form-data\" action=\"\/vi\/wp-json\/wp\/v2\/pages\/2642\" data-token=\"e07b5751219485ba82d5fd586b534a66\" data-trp-original-action=\"\/vi\/wp-json\/wp\/v2\/pages\/2642\"><noscript class=\"wpforms-error-noscript\">Vui l\u00f2ng b\u1eadt JavaScript trong tr\u00ecnh duy\u1ec7t c\u1ee7a b\u1ea1n \u0111\u1ec3 ho\u00e0n th\u00e0nh Form n\u00e0y.<\/noscript><div class=\"wpforms-hidden\" id=\"wpforms-error-noscript\">Vui l\u00f2ng b\u1eadt JavaScript trong tr\u00ecnh duy\u1ec7t c\u1ee7a b\u1ea1n \u0111\u1ec3 ho\u00e0n th\u00e0nh Form n\u00e0y.<\/div><div class=\"wpforms-field-container\"><div id=\"wpforms-1273-field_3-container\" class=\"wpforms-field wpforms-field-layout\" data-field-id=\"3\"><label class=\"wpforms-field-label wpforms-label-hide\" for=\"wpforms-1273-field_3\" aria-hidden=\"false\">Layout<\/label><div class=\"wpforms-field-layout-columns wpforms-field-layout-preset-67-33\"><div class=\"wpforms-layout-column wpforms-layout-column-67\"><div id=\"wpforms-1273-field_7-container\" class=\"wpforms-field wpforms-field-html\" data-field-id=\"7\"><div id=\"wpforms-1273-field_7\" aria-errormessage=\"wpforms-1273-field_7-error\"><h2><span style=\"font-family: montserrat-bold; color: #585857;\">Ch\u00fang t\u00f4i c\u00f3 th\u1ec3 gi\u00fap g\u00ec cho b\u1ea1n?<\/span><\/h2><\/div><\/div><div id=\"wpforms-1273-field_8-container\" class=\"wpforms-field wpforms-field-text\" data-field-id=\"8\"><label class=\"wpforms-field-label wpforms-label-hide\" for=\"wpforms-1273-field_8\" aria-hidden=\"false\">T\u00ean t\u1ed5 ch\u1ee9c<\/label><input type=\"text\" id=\"wpforms-1273-field_8\" class=\"wpforms-field-medium\" name=\"wpforms[fields][8]\" placeholder=\"T\u00ean t\u1ed5 ch\u1ee9c\" aria-errormessage=\"wpforms-1273-field_8-error\" ><\/div><div id=\"wpforms-1273-field_9-container\" class=\"wpforms-field wpforms-field-radio wpforms-list-3-columns\" data-field-id=\"9\"><fieldset><legend class=\"wpforms-field-label\">B\u1ea1n l\u00e0 <span class=\"wpforms-required-label\" aria-hidden=\"true\">*<\/span><\/legend><ul id=\"wpforms-1273-field_9\" class=\"wpforms-field-required\"><li class=\"choice-1 depth-1\"><input type=\"radio\" id=\"wpforms-1273-field_9_1\" name=\"wpforms[fields][9]\" value=\"Startup\" aria-errormessage=\"wpforms-1273-field_9_1-error\" required><label class=\"wpforms-field-label-inline\" for=\"wpforms-1273-field_9_1\">Startup<\/label><\/li><li class=\"choice-2 depth-1\"><input type=\"radio\" id=\"wpforms-1273-field_9_2\" name=\"wpforms[fields][9]\" value=\"Corporate\" aria-errormessage=\"wpforms-1273-field_9_2-error\" required><label class=\"wpforms-field-label-inline\" for=\"wpforms-1273-field_9_2\">Doanh nghi\u1ec7p<\/label><\/li><li class=\"choice-3 depth-1\"><input type=\"radio\" id=\"wpforms-1273-field_9_3\" name=\"wpforms[fields][9]\" value=\"HNWIs\" aria-errormessage=\"wpforms-1273-field_9_3-error\" required><label class=\"wpforms-field-label-inline\" for=\"wpforms-1273-field_9_3\">HNWIs<\/label><\/li><\/ul><\/fieldset><\/div><div id=\"wpforms-1273-field_10-container\" class=\"wpforms-field wpforms-field-checkbox wpforms-list-2-columns\" data-field-id=\"10\"><fieldset><legend class=\"wpforms-field-label\">Y\u00eau c\u1ea7u c\u1ee7a b\u1ea1n? <span class=\"wpforms-required-label\" aria-hidden=\"true\">*<\/span><\/legend><ul id=\"wpforms-1273-field_10\" class=\"wpforms-field-required\"><li class=\"choice-1 depth-1\"><input type=\"checkbox\" id=\"wpforms-1273-field_10_1\" name=\"wpforms[fields][10][]\" value=\"Wealth Management\" aria-errormessage=\"wpforms-1273-field_10_1-error\" required><label class=\"wpforms-field-label-inline\" for=\"wpforms-1273-field_10_1\">Qu\u1ea3n l\u00fd t\u00e0i s\u1ea3n<\/label><\/li><li class=\"choice-2 depth-1\"><input type=\"checkbox\" id=\"wpforms-1273-field_10_2\" name=\"wpforms[fields][10][]\" value=\"M&amp;A Strategy Consulting\" aria-errormessage=\"wpforms-1273-field_10_2-error\" required><label class=\"wpforms-field-label-inline\" for=\"wpforms-1273-field_10_2\">T\u01b0 v\u1ea5n chi\u1ebfn l\u01b0\u1ee3c M&amp;A<\/label><\/li><li class=\"choice-3 depth-1\"><input type=\"checkbox\" id=\"wpforms-1273-field_10_3\" name=\"wpforms[fields][10][]\" value=\"Offshore Corporate Services\" aria-errormessage=\"wpforms-1273-field_10_3-error\" required><label class=\"wpforms-field-label-inline\" for=\"wpforms-1273-field_10_3\">Th\u00e0nh l\u1eadp c\u00f4ng ty<\/label><\/li><li class=\"choice-6 depth-1\"><input type=\"checkbox\" id=\"wpforms-1273-field_10_6\" name=\"wpforms[fields][10][]\" value=\"Private Equity\" aria-errormessage=\"wpforms-1273-field_10_6-error\" required><label class=\"wpforms-field-label-inline\" for=\"wpforms-1273-field_10_6\">Private Equity<\/label><\/li><li class=\"choice-5 depth-1\"><input type=\"checkbox\" id=\"wpforms-1273-field_10_5\" name=\"wpforms[fields][10][]\" value=\"Strategy &amp; Management Consulting\" aria-errormessage=\"wpforms-1273-field_10_5-error\" required><label class=\"wpforms-field-label-inline\" for=\"wpforms-1273-field_10_5\">T\u01b0 v\u1ea5n chi\u1ebfn l\u01b0\u1ee3c v\u00e0 Qu\u1ea3n l\u00fd<\/label><\/li><li class=\"choice-4 depth-1\"><input type=\"checkbox\" id=\"wpforms-1273-field_10_4\" name=\"wpforms[fields][10][]\" value=\"Startup Accelerator\" aria-errormessage=\"wpforms-1273-field_10_4-error\" required><label class=\"wpforms-field-label-inline\" for=\"wpforms-1273-field_10_4\">Startup Accelerator<\/label><\/li><\/ul><\/fieldset><\/div><div id=\"wpforms-1273-field_11-container\" class=\"wpforms-field wpforms-field-textarea\" data-field-id=\"11\"><label class=\"wpforms-field-label wpforms-label-hide\" for=\"wpforms-1273-field_11\" aria-hidden=\"false\">Chi ti\u1ebft y\u00eau c\u1ea7u<\/label><textarea id=\"wpforms-1273-field_11\" class=\"wpforms-field-medium\" name=\"wpforms[fields][11]\" placeholder=\"Chi ti\u1ebft y\u00eau c\u1ea7u\" aria-errormessage=\"wpforms-1273-field_11-error\" ><\/textarea><\/div><div id=\"wpforms-1273-field_12-container\" class=\"wpforms-field wpforms-field-html\" data-field-id=\"12\"><div id=\"wpforms-1273-field_12\" aria-errormessage=\"wpforms-1273-field_12-error\"><h2><span style=\"font-family: montserrat-bold; color: #585857;\">Ch\u00fang t\u00f4i c\u00f3 th\u1ec3 li\u00ean h\u1ec7 v\u1edbi b\u1ea1n?<\/span><\/h2><\/div><\/div><div id=\"wpforms-1273-field_13-container\" class=\"wpforms-field wpforms-field-name\" data-field-id=\"13\"><fieldset><legend class=\"wpforms-field-label wpforms-label-hide\" aria-hidden=\"false\">T\u00ean c\u1ee7a b\u1ea1n <span class=\"wpforms-required-label\" aria-hidden=\"true\">*<\/span><\/legend><div class=\"wpforms-field-row wpforms-field-medium\"><div class=\"wpforms-field-row-block wpforms-first wpforms-one-half\"><input type=\"text\" id=\"wpforms-1273-field_13\" class=\"wpforms-field-name-first wpforms-field-required\" name=\"wpforms[fields][13][first]\" placeholder=\"T\u00ean\" aria-errormessage=\"wpforms-1273-field_13-error\" required><label for=\"wpforms-1273-field_13\" class=\"wpforms-field-sublabel after\">T\u00ean<\/label><\/div><div class=\"wpforms-field-row-block wpforms-one-half\"><input type=\"text\" id=\"wpforms-1273-field_13-last\" class=\"wpforms-field-name-last wpforms-field-required\" name=\"wpforms[fields][13][last]\" placeholder=\"H\u1ecd\" aria-errormessage=\"wpforms-1273-field_13-last-error\" required><label for=\"wpforms-1273-field_13-last\" class=\"wpforms-field-sublabel after\">H\u1ecd<\/label><\/div><\/div><\/fieldset><\/div><div id=\"wpforms-1273-field_14-container\" class=\"wpforms-field wpforms-field-email\" data-field-id=\"14\"><label class=\"wpforms-field-label wpforms-label-hide\" for=\"wpforms-1273-field_14\" aria-hidden=\"false\">Email <span class=\"wpforms-required-label\" aria-hidden=\"true\">*<\/span><\/label><input type=\"email\" id=\"wpforms-1273-field_14\" class=\"wpforms-field-medium wpforms-field-required\" name=\"wpforms[fields][14]\" placeholder=\"Email\" spellcheck=\"false\" aria-errormessage=\"wpforms-1273-field_14-error\" required><\/div><div id=\"wpforms-1273-field_15-container\" class=\"wpforms-field wpforms-field-phone\" data-field-id=\"15\"><label class=\"wpforms-field-label wpforms-label-hide\" for=\"wpforms-1273-field_15\" aria-hidden=\"false\">Phone<\/label><input type=\"tel\" id=\"wpforms-1273-field_15\" class=\"wpforms-field-medium wpforms-smart-phone-field\" data-rule-smart-phone-field=\"true\" name=\"wpforms[fields][15]\" placeholder=\"Phone\" aria-errormessage=\"wpforms-1273-field_15-error\" aria-describedby=\"wpforms-1273-field_15-description\" ><div id=\"wpforms-1273-field_15-description\" class=\"wpforms-field-description\">(Trong tr\u01b0\u1eddng h\u1ee3p kh\u00f4ng th\u1ec3 li\u00ean h\u1ec7 qua email)<\/div><\/div><div id=\"wpforms-1273-field_18-container\" class=\"wpforms-field wpforms-field-checkbox\" data-field-id=\"18\"><fieldset><legend class=\"wpforms-field-label\">Ch\u00fang t\u00f4i c\u00f3 th\u1ec3 g\u1eedi email cho b\u1ea1n?<\/legend><ul id=\"wpforms-1273-field_18\"><li class=\"choice-1 depth-1\"><input type=\"checkbox\" id=\"wpforms-1273-field_18_1\" name=\"wpforms[fields][18][]\" value=\"Yes, I would like to receive monthly news and insights from Bright Capital.\" aria-errormessage=\"wpforms-1273-field_18_1-error\"  ><label class=\"wpforms-field-label-inline\" for=\"wpforms-1273-field_18_1\">C\u00f3, T\u00f4i mu\u1ed1n nh\u1eadn th\u00f4ng tin t\u1eeb Bright Capital.<\/label><\/li><\/ul><\/fieldset><\/div><\/div><div class=\"wpforms-layout-column wpforms-layout-column-33\"><\/div><\/div><\/div><\/div><!-- .wpforms-field-container --><div class=\"wpforms-submit-container\" ><input type=\"hidden\" name=\"wpforms[id]\" value=\"1273\"><input type=\"hidden\" name=\"wpforms[author]\" value=\"1\"><button type=\"submit\" name=\"wpforms[submit]\" id=\"wpforms-submit-1273\" class=\"wpforms-submit\" data-alt-text=\"Sending...\" data-submit-text=\"Send message\" aria-live=\"assertive\" value=\"wpforms-submit\">G\u1eedi y\u00eau c\u1ea7u<\/button><img loading=\"lazy\" decoding=\"async\" src=\"https:\/\/bright-capital.sg\/wp-content\/plugins\/wpforms\/assets\/images\/submit-spin.svg\" class=\"wpforms-submit-spinner\" style=\"display: none;\" width=\"26\" height=\"26\" alt=\"\u0110ang t\u1ea3i\"><\/div><input type=\"hidden\" name=\"trp-form-language\" value=\"vi\"\/><\/form><\/div>  <!-- .wpforms-container -->\n\t\t<\/div>\n\t\t\t\t\t<\/div>\n\n\t\n<\/div>\n\t\t<\/div>\n\n\t\t\n<style>\n#section_67511441 {\n  padding-top: 30px;\n  padding-bottom: 30px;\n}\n<\/style>\n\t<\/section>","protected":false},"excerpt":{"rendered":"","protected":false},"author":1,"featured_media":0,"parent":0,"menu_order":0,"comment_status":"closed","ping_status":"closed","template":"page-blank.php","meta":{"_acf_changed":false,"footnotes":""},"class_list":["post-2642","page","type-page","status-publish","hentry"],"acf":[],"jetpack_sharing_enabled":true,"_links":{"self":[{"href":"https:\/\/bright-capital.sg\/vi\/wp-json\/wp\/v2\/pages\/2642","targetHints":{"allow":["GET"]}}],"collection":[{"href":"https:\/\/bright-capital.sg\/vi\/wp-json\/wp\/v2\/pages"}],"about":[{"href":"https:\/\/bright-capital.sg\/vi\/wp-json\/wp\/v2\/types\/page"}],"author":[{"embeddable":true,"href":"https:\/\/bright-capital.sg\/vi\/wp-json\/wp\/v2\/users\/1"}],"replies":[{"embeddable":true,"href":"https:\/\/bright-capital.sg\/vi\/wp-json\/wp\/v2\/comments?post=2642"}],"version-history":[{"count":1,"href":"https:\/\/bright-capital.sg\/vi\/wp-json\/wp\/v2\/pages\/2642\/revisions"}],"predecessor-version":[{"id":2643,"href":"https:\/\/bright-capital.sg\/vi\/wp-json\/wp\/v2\/pages\/2642\/revisions\/2643"}],"wp:attachment":[{"href":"https:\/\/bright-capital.sg\/vi\/wp-json\/wp\/v2\/media?parent=2642"}],"curies":[{"name":"wp","href":"https:\/\/api.w.org\/{rel}","templated":true}]}}